{"id":741,"date":"2018-01-10T12:55:30","date_gmt":"2018-01-10T12:55:30","guid":{"rendered":"http:\/\/businesspt.pt\/wpbpt\/?page_id=741"},"modified":"2018-03-28T09:48:39","modified_gmt":"2018-03-28T09:48:39","slug":"agendar-consulta-inicial","status":"publish","type":"page","link":"https:\/\/businesspt.pt\/wpbpt\/agendar-consulta-inicial\/","title":{"rendered":"Entrevista de levantamento de perfil empreendedor"},"content":{"rendered":"<style type=\"text\/css\">.entry-header{ text-align: center !important; color:#1FA67A; border:none;  }.entry-header .entry-title{color:#1FA67A !important;}.texto{ margin: 2em 0; text-align: center; color: #696969; }.linhasecsao { padding: 3em 0 }small{ font-style: italic; font-size: 0.8em; color: #999 }.btCall {background: #1FA67A; display: inline-block; border-radius: 6px; padding: 1em 1.5em; text-decoration: none; color: #fff; font-size: 0.8em; cursor:pointer}.btCall:hover{ color: #fff !important; background-color:#17825f }.passo{ display: block; width: 60px; height: 60px; text-align: center; color: #fff;\t\tbackground-color: #1FA67A; border-radius: 100%; margin: 0.5em auto; box-sizing: border-box; \t\t\tpadding: 0.5em 0 0; font-size: 1.5em }<\/style>\n<div class=\"payment-container\">\n<div class=\"texto\">Iniciar seu novo neg\u00f3cio em Portugal \u00e9 f\u00e1cil. Vamos come\u00e7ar?<\/div>\n<div class=\"row linhasecsao\">\n<div class=\"col-md-4 col-sm-12\" style=\"text-align: center;\">\n<div class=\"passo\">1<\/div>\n<h3>Fale-nos um pouco sobre voc\u00ea<\/h3>\n<\/div>\n<div class=\"col-md-8 col-sm-12\">\n<p>Para que possamos lhe ajudar e te indicar o melhor caminho, primeiro voc\u00ea precisa nos contar um pouco sobre voc\u00ea. Assim podemos te conhecer melhor e preparar nossa equipe para sua consultoria.<\/p>\n<p><a class=\"btCall\" href=\"https:\/\/goo.gl\/USoJLC\" target=\"_blank\" rel=\"noopener\">Responder formul\u00e1rio de entrevista<\/a><br \/>\n<small>Se voc\u00ea j\u00e1 respondeu a este formul\u00e1rio, pode passar para o passo seguinte.<\/small><\/p>\n<\/div>\n<\/div>\n<div class=\"row linhasecsao\">\n<div class=\"col-md-4 col-sm-12\" style=\"text-align: center;\">\n<div class=\"passo\">2<\/div>\n<h3>Agende seu hor\u00e1rio<\/h3>\n<\/div>\n<div class=\"col-md-8 col-sm-12\">\n<p>J\u00e1 respondeu ao nosso question\u00e1rio? Ent\u00e3o, clique no link ao lado para agendar o seu hor\u00e1rio para nossa entrevista de levantamento de perfil.<\/p>\n<p><a href=\"https:\/\/calendly.com\/andrealmeida\" target=\"_blank\" class=\"btCall\">Agende sua Consulta<\/a><\/p>\n<\/div>\n<\/div>\n<div class=\"row linhasecsao\">\n<div class=\"col-md-4 col-sm-12\" style=\"text-align: center;\">\n<div class=\"passo\">3<\/div>\n<h3>Finalize sua compra.<\/h3>\n<\/div>\n<div class=\"col-md-8 col-sm-12\">\n<p>Hor\u00e1rio agendado! Agora basta finalizar o pagamento. <strong>A consulta tem um valor de 100.00\u20ac + taxas<\/strong>. Assim que tudo estiver certo entraremos em contato para confirmar a sua entrevista de levantamento de perfil.<\/p>\n<p><a class=\"btCall\" href=\"http:\/\/paypal.me\/andrebpt\/105\" target=\"_blank\" rel=\"noopener\">Pagar por Paypal<\/a><br \/>\n<small>Valor:100.00\u20ac + taxas. Para outras op\u00e7\u00f5es de pagamento como boletos, consulte-nos.<\/small><\/p>\n<\/div>\n<\/div>\n<\/div>\n","protected":false},"excerpt":{"rendered":"<p>Iniciar seu novo neg\u00f3cio em Portugal \u00e9 f\u00e1cil. Vamos come\u00e7ar? 1 Fale-nos um pouco sobre voc\u00ea Para que possamos lhe ajudar e te indicar o melhor caminho, primeiro voc\u00ea precisa nos contar um pouco sobre voc\u00ea. Assim podemos te conhecer melhor e preparar nossa equipe para sua consultoria. Responder formul\u00e1rio de entrevista Se voc\u00ea j\u00e1 [&hellip;]<\/p>\n","protected":false},"author":4,"featured_media":0,"parent":0,"menu_order":0,"comment_status":"closed","ping_status":"closed","template":"","meta":{"_exactmetrics_skip_tracking":false,"_exactmetrics_sitenote_active":false,"_exactmetrics_sitenote_note":"","_exactmetrics_sitenote_category":0,"footnotes":""},"class_list":["post-741","page","type-page","status-publish","hentry"],"yoast_head":"<!-- This site is optimized with the Yoast SEO plugin v27.6 - https:\/\/yoast.com\/product\/yoast-seo-wordpress\/ -->\n<title>Entrevista de levantamento de perfil empreendedor - Business Portugal<\/title>\n<meta name=\"robots\" content=\"index, follow, max-snippet:-1, max-image-preview:large, max-video-preview:-1\" \/>\n<link rel=\"canonical\" href=\"https:\/\/businesspt.pt\/wpbpt\/agendar-consulta-inicial\/\" \/>\n<meta property=\"og:locale\" content=\"pt_PT\" \/>\n<meta property=\"og:type\" content=\"article\" \/>\n<meta property=\"og:title\" content=\"Entrevista de levantamento de perfil empreendedor - Business Portugal\" \/>\n<meta property=\"og:description\" content=\"Iniciar seu novo neg\u00f3cio em Portugal \u00e9 f\u00e1cil. Vamos come\u00e7ar? 1 Fale-nos um pouco sobre voc\u00ea Para que possamos lhe ajudar e te indicar o melhor caminho, primeiro voc\u00ea precisa nos contar um pouco sobre voc\u00ea. Assim podemos te conhecer melhor e preparar nossa equipe para sua consultoria. Responder formul\u00e1rio de entrevista Se voc\u00ea j\u00e1 [&hellip;]\" \/>\n<meta property=\"og:url\" content=\"https:\/\/businesspt.pt\/wpbpt\/agendar-consulta-inicial\/\" \/>\n<meta property=\"og:site_name\" content=\"Business Portugal\" \/>\n<meta property=\"article:publisher\" content=\"http:\/\/www.facebook.com\/businessportugal\/\" \/>\n<meta property=\"article:modified_time\" content=\"2018-03-28T09:48:39+00:00\" \/>\n<meta name=\"twitter:card\" content=\"summary_large_image\" \/>\n<meta name=\"twitter:label1\" content=\"Tempo estimado de leitura\" \/>\n\t<meta name=\"twitter:data1\" content=\"1 minute\" \/>\n<script type=\"application\/ld+json\" class=\"yoast-schema-graph\">{\"@context\":\"https:\\\/\\\/schema.org\",\"@graph\":[{\"@type\":\"WebPage\",\"@id\":\"https:\\\/\\\/businesspt.pt\\\/wpbpt\\\/agendar-consulta-inicial\\\/\",\"url\":\"https:\\\/\\\/businesspt.pt\\\/wpbpt\\\/agendar-consulta-inicial\\\/\",\"name\":\"Entrevista de levantamento de perfil empreendedor - Business Portugal\",\"isPartOf\":{\"@id\":\"https:\\\/\\\/businesspt.pt\\\/wpbpt\\\/#website\"},\"datePublished\":\"2018-01-10T12:55:30+00:00\",\"dateModified\":\"2018-03-28T09:48:39+00:00\",\"breadcrumb\":{\"@id\":\"https:\\\/\\\/businesspt.pt\\\/wpbpt\\\/agendar-consulta-inicial\\\/#breadcrumb\"},\"inLanguage\":\"pt-PT\",\"potentialAction\":[{\"@type\":\"ReadAction\",\"target\":[\"https:\\\/\\\/businesspt.pt\\\/wpbpt\\\/agendar-consulta-inicial\\\/\"]}]},{\"@type\":\"BreadcrumbList\",\"@id\":\"https:\\\/\\\/businesspt.pt\\\/wpbpt\\\/agendar-consulta-inicial\\\/#breadcrumb\",\"itemListElement\":[{\"@type\":\"ListItem\",\"position\":1,\"name\":\"Home\",\"item\":\"https:\\\/\\\/businesspt.pt\\\/wpbpt\\\/\"},{\"@type\":\"ListItem\",\"position\":2,\"name\":\"Entrevista de levantamento de perfil empreendedor\"}]},{\"@type\":\"WebSite\",\"@id\":\"https:\\\/\\\/businesspt.pt\\\/wpbpt\\\/#website\",\"url\":\"https:\\\/\\\/businesspt.pt\\\/wpbpt\\\/\",\"name\":\"Business Portugal\",\"description\":\"Business Portugal\",\"publisher\":{\"@id\":\"https:\\\/\\\/businesspt.pt\\\/wpbpt\\\/#organization\"},\"potentialAction\":[{\"@type\":\"SearchAction\",\"target\":{\"@type\":\"EntryPoint\",\"urlTemplate\":\"https:\\\/\\\/businesspt.pt\\\/wpbpt\\\/?s={search_term_string}\"},\"query-input\":{\"@type\":\"PropertyValueSpecification\",\"valueRequired\":true,\"valueName\":\"search_term_string\"}}],\"inLanguage\":\"pt-PT\"},{\"@type\":\"Organization\",\"@id\":\"https:\\\/\\\/businesspt.pt\\\/wpbpt\\\/#organization\",\"name\":\"ANDR\u00c9 LUIZ DE ALMEIDA - TECHNOLOGY CONSULTING, UNIPESSOAL, LDA\",\"url\":\"https:\\\/\\\/businesspt.pt\\\/wpbpt\\\/\",\"logo\":{\"@type\":\"ImageObject\",\"inLanguage\":\"pt-PT\",\"@id\":\"https:\\\/\\\/businesspt.pt\\\/wpbpt\\\/#\\\/schema\\\/logo\\\/image\\\/\",\"url\":\"https:\\\/\\\/businesspt.pt\\\/wpbpt\\\/wp-content\\\/uploads\\\/2015\\\/10\\\/bpt-icon.png\",\"contentUrl\":\"https:\\\/\\\/businesspt.pt\\\/wpbpt\\\/wp-content\\\/uploads\\\/2015\\\/10\\\/bpt-icon.png\",\"width\":512,\"height\":512,\"caption\":\"ANDR\u00c9 LUIZ DE ALMEIDA - TECHNOLOGY CONSULTING, UNIPESSOAL, LDA\"},\"image\":{\"@id\":\"https:\\\/\\\/businesspt.pt\\\/wpbpt\\\/#\\\/schema\\\/logo\\\/image\\\/\"},\"sameAs\":[\"http:\\\/\\\/www.facebook.com\\\/businessportugal\\\/\",\"http:\\\/\\\/bit.ly\\\/andrepmgr\"]}]}<\/script>\n<!-- \/ Yoast SEO plugin. -->","yoast_head_json":{"title":"Entrevista de levantamento de perfil empreendedor - Business Portugal","robots":{"index":"index","follow":"follow","max-snippet":"max-snippet:-1","max-image-preview":"max-image-preview:large","max-video-preview":"max-video-preview:-1"},"canonical":"https:\/\/businesspt.pt\/wpbpt\/agendar-consulta-inicial\/","og_locale":"pt_PT","og_type":"article","og_title":"Entrevista de levantamento de perfil empreendedor - Business Portugal","og_description":"Iniciar seu novo neg\u00f3cio em Portugal \u00e9 f\u00e1cil. Vamos come\u00e7ar? 1 Fale-nos um pouco sobre voc\u00ea Para que possamos lhe ajudar e te indicar o melhor caminho, primeiro voc\u00ea precisa nos contar um pouco sobre voc\u00ea. Assim podemos te conhecer melhor e preparar nossa equipe para sua consultoria. Responder formul\u00e1rio de entrevista Se voc\u00ea j\u00e1 [&hellip;]","og_url":"https:\/\/businesspt.pt\/wpbpt\/agendar-consulta-inicial\/","og_site_name":"Business Portugal","article_publisher":"http:\/\/www.facebook.com\/businessportugal\/","article_modified_time":"2018-03-28T09:48:39+00:00","twitter_card":"summary_large_image","twitter_misc":{"Tempo estimado de leitura":"1 minute"},"schema":{"@context":"https:\/\/schema.org","@graph":[{"@type":"WebPage","@id":"https:\/\/businesspt.pt\/wpbpt\/agendar-consulta-inicial\/","url":"https:\/\/businesspt.pt\/wpbpt\/agendar-consulta-inicial\/","name":"Entrevista de levantamento de perfil empreendedor - Business Portugal","isPartOf":{"@id":"https:\/\/businesspt.pt\/wpbpt\/#website"},"datePublished":"2018-01-10T12:55:30+00:00","dateModified":"2018-03-28T09:48:39+00:00","breadcrumb":{"@id":"https:\/\/businesspt.pt\/wpbpt\/agendar-consulta-inicial\/#breadcrumb"},"inLanguage":"pt-PT","potentialAction":[{"@type":"ReadAction","target":["https:\/\/businesspt.pt\/wpbpt\/agendar-consulta-inicial\/"]}]},{"@type":"BreadcrumbList","@id":"https:\/\/businesspt.pt\/wpbpt\/agendar-consulta-inicial\/#breadcrumb","itemListElement":[{"@type":"ListItem","position":1,"name":"Home","item":"https:\/\/businesspt.pt\/wpbpt\/"},{"@type":"ListItem","position":2,"name":"Entrevista de levantamento de perfil empreendedor"}]},{"@type":"WebSite","@id":"https:\/\/businesspt.pt\/wpbpt\/#website","url":"https:\/\/businesspt.pt\/wpbpt\/","name":"Business Portugal","description":"Business Portugal","publisher":{"@id":"https:\/\/businesspt.pt\/wpbpt\/#organization"},"potentialAction":[{"@type":"SearchAction","target":{"@type":"EntryPoint","urlTemplate":"https:\/\/businesspt.pt\/wpbpt\/?s={search_term_string}"},"query-input":{"@type":"PropertyValueSpecification","valueRequired":true,"valueName":"search_term_string"}}],"inLanguage":"pt-PT"},{"@type":"Organization","@id":"https:\/\/businesspt.pt\/wpbpt\/#organization","name":"ANDR\u00c9 LUIZ DE ALMEIDA - TECHNOLOGY CONSULTING, UNIPESSOAL, LDA","url":"https:\/\/businesspt.pt\/wpbpt\/","logo":{"@type":"ImageObject","inLanguage":"pt-PT","@id":"https:\/\/businesspt.pt\/wpbpt\/#\/schema\/logo\/image\/","url":"https:\/\/businesspt.pt\/wpbpt\/wp-content\/uploads\/2015\/10\/bpt-icon.png","contentUrl":"https:\/\/businesspt.pt\/wpbpt\/wp-content\/uploads\/2015\/10\/bpt-icon.png","width":512,"height":512,"caption":"ANDR\u00c9 LUIZ DE ALMEIDA - TECHNOLOGY CONSULTING, UNIPESSOAL, LDA"},"image":{"@id":"https:\/\/businesspt.pt\/wpbpt\/#\/schema\/logo\/image\/"},"sameAs":["http:\/\/www.facebook.com\/businessportugal\/","http:\/\/bit.ly\/andrepmgr"]}]}},"_links":{"self":[{"href":"https:\/\/businesspt.pt\/wpbpt\/wp-json\/wp\/v2\/pages\/741","targetHints":{"allow":["GET"]}}],"collection":[{"href":"https:\/\/businesspt.pt\/wpbpt\/wp-json\/wp\/v2\/pages"}],"about":[{"href":"https:\/\/businesspt.pt\/wpbpt\/wp-json\/wp\/v2\/types\/page"}],"author":[{"embeddable":true,"href":"https:\/\/businesspt.pt\/wpbpt\/wp-json\/wp\/v2\/users\/4"}],"replies":[{"embeddable":true,"href":"https:\/\/businesspt.pt\/wpbpt\/wp-json\/wp\/v2\/comments?post=741"}],"version-history":[{"count":51,"href":"https:\/\/businesspt.pt\/wpbpt\/wp-json\/wp\/v2\/pages\/741\/revisions"}],"predecessor-version":[{"id":1009,"href":"https:\/\/businesspt.pt\/wpbpt\/wp-json\/wp\/v2\/pages\/741\/revisions\/1009"}],"wp:attachment":[{"href":"https:\/\/businesspt.pt\/wpbpt\/wp-json\/wp\/v2\/media?parent=741"}],"curies":[{"name":"wp","href":"https:\/\/api.w.org\/{rel}","templated":true}]}}