{"id":379,"date":"2017-06-02T09:23:06","date_gmt":"2017-06-02T08:23:06","guid":{"rendered":"http:\/\/businesspt.pt\/wpbpt\/?page_id=379"},"modified":"2018-01-15T13:00:18","modified_gmt":"2018-01-15T13:00:18","slug":"workshop-value-proposition-canvas","status":"publish","type":"page","link":"https:\/\/businesspt.pt\/wpbpt\/o-que-fazemos\/workshop-value-proposition-canvas\/","title":{"rendered":"Workshop Value Proposition Canvas"},"content":{"rendered":"<div class=\"col-xs-12 col-lg-10 col-lg-offset-1\">\n<h3>Neste Workshop de Value Proposition Canvas, trabalhamos com as consagradas (Direitos de <a href=\"http:\/\/www.strategyzer.com\/\" target=\"_blank\" rel=\"noopener noreferrer\">www.strategyzer.com<\/a>) para identifica\u00e7\u00e3o de oportunidades com base nas necessidades do cliente<\/h3>\n<p>Desde a prepara\u00e7\u00e3o do ambiente, recep\u00e7\u00e3o dos inscritos e dinamiza\u00e7\u00e3o do processo, o Workshop Value Proposition Canvas \u00e9 desenvolvido em cerca de 90 minutos.<br \/>\nAs atividades dividem-se em 2 grandes blocos com 3 etapas em cada um:<\/p>\n<p>&nbsp;<\/p>\n<div class=\"row\">\n<div class=\"col-xs-12 col-sm-5\"><img decoding=\"async\" class=\"\" src=\"http:\/\/businesspt.pt\/wpbpt\/wp-content\/uploads\/2017\/05\/mixpost.png\" alt=\"Workshop Value Proposition Canvas\" \/><\/div>\n<div class=\"col-xs-12 col-sm-7\">\n<h4>Perfil do Cliente<\/h4>\n<ul>\n<li>Quais atividades que busca Resolver \/ Necessidades que possui<\/li>\n<li>O que est\u00e1 impedindo que consiga obter exito?<\/li>\n<li>Quais os resultados esperados?<\/li>\n<\/ul>\n<h4>Proposta de Valor (De seu produto ou servi\u00e7o)<\/h4>\n<ul>\n<li>Defini\u00e7\u00e3o do seu Produto ou Servi\u00e7o<\/li>\n<li>Solu\u00e7\u00e3o entregada, o que seu produto ou servi\u00e7o resolve para o cliente.<\/li>\n<li>Quais resultados s\u00e3o entregues, dentro e al\u00e9m das expectativas?<\/li>\n<\/ul>\n<\/div>\n<\/div>\n<p>&nbsp;<\/p>\n<p>Com estas etapas e atividade 100% Pr\u00e1tica e visual, \u00e9 poss\u00edvel ter um quadro sobre o seu produto ou servi\u00e7o orientado nas necessidade de seu p\u00fablico alvo mesmo ao final da sess\u00e3o do Workshop Value Proposition Canvas para j\u00e1 saber se \u00e9 algo vi\u00e1vel de se desenvolver ou h\u00e1 necessidade mesmo de alguma adapta\u00e7\u00e3o mediante o que seu p\u00fablico alvo busca.<br \/>\nO Objetivo do Workshop Value Proposition Canvas \u00e9 a reflex\u00e3o sobre uma ideia de forma clara e objetiva em que se busca resolver um problema.<\/p>\n<p>&nbsp;<\/p>\n<div class=\"row\">\n<div class=\"col-xs-12 col-sm-5\">\n<img decoding=\"async\" class=\"img-responsive\" src=\"http:\/\/businesspt.pt\/wpbpt\/wp-content\/uploads\/2017\/05\/20170218_164616.jpg\" alt=\"Resultados Workshop Value Proposition Canvas.\"  \/><\/div>\n<div class=\"col-xs-12 col-sm-7\">\nCom valores a partir <strong>50\u20ac<\/strong> por pessoa, um baixo investimento para um resultado que pode ser muito gratificante.<\/p>\n<p>Se deseja trazer este workshop para seu espa\u00e7o de trabalho, escrit\u00f3rio coworking ou evento, envie-nos uma mensagem.<\/p>\n<p>\u00c9 necess\u00e1rio um m\u00ednimo de 10 participantes e m\u00e1ximo de 15.<br \/>\nTodo o desenvolvimento das t\u00e9cnicas de proposta de valor e de canvas em uma sess\u00e3o pr\u00e1tica em torno de 1,5hrs.\n<\/p><\/div>\n<\/div>\n<p>&nbsp;<\/p>\n<p>Conhe\u00e7a melhor o m\u00e9todo do Value proposition Canvas no V\u00eddeo oficial doo Strategyzer:<\/p>\n<p><iframe loading=\"lazy\" width=\"730\" height=\"411\" src=\"https:\/\/www.youtube.com\/embed\/aN36EcTE54Q?feature=oembed\" frameborder=\"0\" allow=\"autoplay; encrypted-media\" allowfullscreen><\/iframe><\/p>\n<p>&nbsp;<\/p>\n<style type=\"text\/css\">.btCall {background: #1FA67A; display: inline-block; border-radius: 6px; padding: 1em 1.5em; text-decoration: none; color: #fff; font-size: 0.8em}.btCall:hover{ color: #fff !important; background-color:#17825f }.roxCallToAction{ padding: 2em 0; margin: 1.5em auto; border-bottom: 1px solid #e5e5e5; border-top: 1px solid #e5e5e5 }<\/style>\n<div class=\"row roxCallToAction\">\n<div class=\"col-md-8 col-sm-12\" style=\"text-align: center;\">\n<h3>Agende sua consulta!<\/h3>\n<p>Conver-se conosco para saber como empreender em Portugal.<\/p>\n<p>\t\t\t\t\t\t<a class=\"btCall\" href=\"http:\/\/businesspt.pt\/wpbpt\/agendar-consulta-inicial\/?page=workshop\">Agendar consulta de levantamento de perfil<\/a>\n\t\t\t\t\t<\/div>\n<div class=\"col-md-4 col-sm-12\"  style=\"text-align: center;\">\n<h4>Siga-nos:<\/h4>\n<p>\t\t\t\t\t\t<a href=\"https:\/\/www.facebook.com\/businessportugal\" target=\"_blank\"><br \/>\n\t\t\t\t\t\t\t<img decoding=\"async\" src=\"http:\/\/businesspt.pt\/wpbpt\/wp-content\/uploads\/2018\/01\/facebookling.png\"><br \/>\n\t\t\t\t\t\t<\/a>\n\t\t\t\t\t<\/div>\n<\/p><\/div>\n<p><small>*O Agendamento \u00e9 confirmado mediante o pr\u00e9-pagamento e confer\u00eancia da disponibilidade do mesmo. As confirma\u00e7\u00f5es s\u00e3o feitas em at\u00e9 48horas.<\/small><\/p>\n<p>&nbsp;<\/p>\n<\/div>\n","protected":false},"excerpt":{"rendered":"<p>Neste Workshop de Value Proposition Canvas, trabalhamos com as consagradas (Direitos de www.strategyzer.com) para identifica\u00e7\u00e3o de oportunidades com base nas necessidades do cliente Desde a prepara\u00e7\u00e3o do ambiente, recep\u00e7\u00e3o dos inscritos e dinamiza\u00e7\u00e3o do processo, o Workshop Value Proposition Canvas \u00e9 desenvolvido em cerca de 90 minutos. As atividades dividem-se em 2 grandes blocos com [&hellip;]<\/p>\n","protected":false},"author":1,"featured_media":0,"parent":25,"menu_order":2,"comment_status":"closed","ping_status":"closed","template":"page-fullwidth.php","meta":{"_exactmetrics_skip_tracking":false,"_exactmetrics_sitenote_active":false,"_exactmetrics_sitenote_note":"","_exactmetrics_sitenote_category":0,"footnotes":""},"class_list":["post-379","page","type-page","status-publish","hentry"],"yoast_head":"<!-- This site is optimized with the Yoast SEO plugin v27.4 - https:\/\/yoast.com\/product\/yoast-seo-wordpress\/ -->\n<title>Workshop Value Proposition Canvas - Business Portugal<\/title>\n<meta name=\"description\" content=\"Neste Workshop de Value Proposition Canvas, trabalhamos com as metodologias para identifica\u00e7\u00e3o de oportunidades com base nas necessidades do cliente\" \/>\n<meta name=\"robots\" content=\"index, follow, max-snippet:-1, max-image-preview:large, max-video-preview:-1\" \/>\n<link rel=\"canonical\" href=\"https:\/\/businesspt.pt\/wpbpt\/o-que-fazemos\/workshop-value-proposition-canvas\/\" \/>\n<meta property=\"og:locale\" content=\"pt_PT\" \/>\n<meta property=\"og:type\" content=\"article\" \/>\n<meta property=\"og:title\" content=\"Workshop Value Proposition Canvas - Business Portugal\" \/>\n<meta property=\"og:description\" content=\"Neste Workshop de Value Proposition Canvas, trabalhamos com as metodologias para identifica\u00e7\u00e3o de oportunidades com base nas necessidades do cliente\" \/>\n<meta property=\"og:url\" content=\"https:\/\/businesspt.pt\/wpbpt\/o-que-fazemos\/workshop-value-proposition-canvas\/\" \/>\n<meta property=\"og:site_name\" content=\"Business Portugal\" \/>\n<meta property=\"article:publisher\" content=\"http:\/\/www.facebook.com\/businessportugal\/\" \/>\n<meta property=\"article:modified_time\" content=\"2018-01-15T13:00:18+00:00\" \/>\n<meta property=\"og:image\" content=\"http:\/\/businesspt.pt\/wpbpt\/wp-content\/uploads\/2017\/05\/mixpost.png\" \/>\n<meta name=\"twitter:card\" content=\"summary_large_image\" \/>\n<meta name=\"twitter:label1\" content=\"Tempo estimado de leitura\" \/>\n\t<meta name=\"twitter:data1\" content=\"2 minutes\" \/>\n<script type=\"application\/ld+json\" class=\"yoast-schema-graph\">{\"@context\":\"https:\\\/\\\/schema.org\",\"@graph\":[{\"@type\":\"WebPage\",\"@id\":\"https:\\\/\\\/businesspt.pt\\\/wpbpt\\\/o-que-fazemos\\\/workshop-value-proposition-canvas\\\/\",\"url\":\"https:\\\/\\\/businesspt.pt\\\/wpbpt\\\/o-que-fazemos\\\/workshop-value-proposition-canvas\\\/\",\"name\":\"Workshop Value Proposition Canvas - Business Portugal\",\"isPartOf\":{\"@id\":\"https:\\\/\\\/businesspt.pt\\\/wpbpt\\\/#website\"},\"primaryImageOfPage\":{\"@id\":\"https:\\\/\\\/businesspt.pt\\\/wpbpt\\\/o-que-fazemos\\\/workshop-value-proposition-canvas\\\/#primaryimage\"},\"image\":{\"@id\":\"https:\\\/\\\/businesspt.pt\\\/wpbpt\\\/o-que-fazemos\\\/workshop-value-proposition-canvas\\\/#primaryimage\"},\"thumbnailUrl\":\"http:\\\/\\\/businesspt.pt\\\/wpbpt\\\/wp-content\\\/uploads\\\/2017\\\/05\\\/mixpost.png\",\"datePublished\":\"2017-06-02T08:23:06+00:00\",\"dateModified\":\"2018-01-15T13:00:18+00:00\",\"description\":\"Neste Workshop de Value Proposition Canvas, trabalhamos com as metodologias para identifica\u00e7\u00e3o de oportunidades com base nas necessidades do cliente\",\"breadcrumb\":{\"@id\":\"https:\\\/\\\/businesspt.pt\\\/wpbpt\\\/o-que-fazemos\\\/workshop-value-proposition-canvas\\\/#breadcrumb\"},\"inLanguage\":\"pt-PT\",\"potentialAction\":[{\"@type\":\"ReadAction\",\"target\":[\"https:\\\/\\\/businesspt.pt\\\/wpbpt\\\/o-que-fazemos\\\/workshop-value-proposition-canvas\\\/\"]}]},{\"@type\":\"ImageObject\",\"inLanguage\":\"pt-PT\",\"@id\":\"https:\\\/\\\/businesspt.pt\\\/wpbpt\\\/o-que-fazemos\\\/workshop-value-proposition-canvas\\\/#primaryimage\",\"url\":\"https:\\\/\\\/businesspt.pt\\\/wpbpt\\\/wp-content\\\/uploads\\\/2017\\\/05\\\/mixpost.png\",\"contentUrl\":\"https:\\\/\\\/businesspt.pt\\\/wpbpt\\\/wp-content\\\/uploads\\\/2017\\\/05\\\/mixpost.png\",\"width\":1248,\"height\":708,\"caption\":\"Workshop Canvas\"},{\"@type\":\"BreadcrumbList\",\"@id\":\"https:\\\/\\\/businesspt.pt\\\/wpbpt\\\/o-que-fazemos\\\/workshop-value-proposition-canvas\\\/#breadcrumb\",\"itemListElement\":[{\"@type\":\"ListItem\",\"position\":1,\"name\":\"Home\",\"item\":\"https:\\\/\\\/businesspt.pt\\\/wpbpt\\\/\"},{\"@type\":\"ListItem\",\"position\":2,\"name\":\"O Que Fazemos\",\"item\":\"https:\\\/\\\/businesspt.pt\\\/wpbpt\\\/o-que-fazemos\\\/\"},{\"@type\":\"ListItem\",\"position\":3,\"name\":\"Workshop Value Proposition Canvas\"}]},{\"@type\":\"WebSite\",\"@id\":\"https:\\\/\\\/businesspt.pt\\\/wpbpt\\\/#website\",\"url\":\"https:\\\/\\\/businesspt.pt\\\/wpbpt\\\/\",\"name\":\"Business Portugal\",\"description\":\"Business Portugal\",\"publisher\":{\"@id\":\"https:\\\/\\\/businesspt.pt\\\/wpbpt\\\/#organization\"},\"potentialAction\":[{\"@type\":\"SearchAction\",\"target\":{\"@type\":\"EntryPoint\",\"urlTemplate\":\"https:\\\/\\\/businesspt.pt\\\/wpbpt\\\/?s={search_term_string}\"},\"query-input\":{\"@type\":\"PropertyValueSpecification\",\"valueRequired\":true,\"valueName\":\"search_term_string\"}}],\"inLanguage\":\"pt-PT\"},{\"@type\":\"Organization\",\"@id\":\"https:\\\/\\\/businesspt.pt\\\/wpbpt\\\/#organization\",\"name\":\"ANDR\u00c9 LUIZ DE ALMEIDA - TECHNOLOGY CONSULTING, UNIPESSOAL, LDA\",\"url\":\"https:\\\/\\\/businesspt.pt\\\/wpbpt\\\/\",\"logo\":{\"@type\":\"ImageObject\",\"inLanguage\":\"pt-PT\",\"@id\":\"https:\\\/\\\/businesspt.pt\\\/wpbpt\\\/#\\\/schema\\\/logo\\\/image\\\/\",\"url\":\"https:\\\/\\\/businesspt.pt\\\/wpbpt\\\/wp-content\\\/uploads\\\/2015\\\/10\\\/bpt-icon.png\",\"contentUrl\":\"https:\\\/\\\/businesspt.pt\\\/wpbpt\\\/wp-content\\\/uploads\\\/2015\\\/10\\\/bpt-icon.png\",\"width\":512,\"height\":512,\"caption\":\"ANDR\u00c9 LUIZ DE ALMEIDA - TECHNOLOGY CONSULTING, UNIPESSOAL, LDA\"},\"image\":{\"@id\":\"https:\\\/\\\/businesspt.pt\\\/wpbpt\\\/#\\\/schema\\\/logo\\\/image\\\/\"},\"sameAs\":[\"http:\\\/\\\/www.facebook.com\\\/businessportugal\\\/\",\"http:\\\/\\\/bit.ly\\\/andrepmgr\"]}]}<\/script>\n<!-- \/ Yoast SEO plugin. -->","yoast_head_json":{"title":"Workshop Value Proposition Canvas - Business Portugal","description":"Neste Workshop de Value Proposition Canvas, trabalhamos com as metodologias para identifica\u00e7\u00e3o de oportunidades com base nas necessidades do cliente","robots":{"index":"index","follow":"follow","max-snippet":"max-snippet:-1","max-image-preview":"max-image-preview:large","max-video-preview":"max-video-preview:-1"},"canonical":"https:\/\/businesspt.pt\/wpbpt\/o-que-fazemos\/workshop-value-proposition-canvas\/","og_locale":"pt_PT","og_type":"article","og_title":"Workshop Value Proposition Canvas - Business Portugal","og_description":"Neste Workshop de Value Proposition Canvas, trabalhamos com as metodologias para identifica\u00e7\u00e3o de oportunidades com base nas necessidades do cliente","og_url":"https:\/\/businesspt.pt\/wpbpt\/o-que-fazemos\/workshop-value-proposition-canvas\/","og_site_name":"Business Portugal","article_publisher":"http:\/\/www.facebook.com\/businessportugal\/","article_modified_time":"2018-01-15T13:00:18+00:00","og_image":[{"url":"http:\/\/businesspt.pt\/wpbpt\/wp-content\/uploads\/2017\/05\/mixpost.png","type":"","width":"","height":""}],"twitter_card":"summary_large_image","twitter_misc":{"Tempo estimado de leitura":"2 minutes"},"schema":{"@context":"https:\/\/schema.org","@graph":[{"@type":"WebPage","@id":"https:\/\/businesspt.pt\/wpbpt\/o-que-fazemos\/workshop-value-proposition-canvas\/","url":"https:\/\/businesspt.pt\/wpbpt\/o-que-fazemos\/workshop-value-proposition-canvas\/","name":"Workshop Value Proposition Canvas - Business Portugal","isPartOf":{"@id":"https:\/\/businesspt.pt\/wpbpt\/#website"},"primaryImageOfPage":{"@id":"https:\/\/businesspt.pt\/wpbpt\/o-que-fazemos\/workshop-value-proposition-canvas\/#primaryimage"},"image":{"@id":"https:\/\/businesspt.pt\/wpbpt\/o-que-fazemos\/workshop-value-proposition-canvas\/#primaryimage"},"thumbnailUrl":"http:\/\/businesspt.pt\/wpbpt\/wp-content\/uploads\/2017\/05\/mixpost.png","datePublished":"2017-06-02T08:23:06+00:00","dateModified":"2018-01-15T13:00:18+00:00","description":"Neste Workshop de Value Proposition Canvas, trabalhamos com as metodologias para identifica\u00e7\u00e3o de oportunidades com base nas necessidades do cliente","breadcrumb":{"@id":"https:\/\/businesspt.pt\/wpbpt\/o-que-fazemos\/workshop-value-proposition-canvas\/#breadcrumb"},"inLanguage":"pt-PT","potentialAction":[{"@type":"ReadAction","target":["https:\/\/businesspt.pt\/wpbpt\/o-que-fazemos\/workshop-value-proposition-canvas\/"]}]},{"@type":"ImageObject","inLanguage":"pt-PT","@id":"https:\/\/businesspt.pt\/wpbpt\/o-que-fazemos\/workshop-value-proposition-canvas\/#primaryimage","url":"https:\/\/businesspt.pt\/wpbpt\/wp-content\/uploads\/2017\/05\/mixpost.png","contentUrl":"https:\/\/businesspt.pt\/wpbpt\/wp-content\/uploads\/2017\/05\/mixpost.png","width":1248,"height":708,"caption":"Workshop Canvas"},{"@type":"BreadcrumbList","@id":"https:\/\/businesspt.pt\/wpbpt\/o-que-fazemos\/workshop-value-proposition-canvas\/#breadcrumb","itemListElement":[{"@type":"ListItem","position":1,"name":"Home","item":"https:\/\/businesspt.pt\/wpbpt\/"},{"@type":"ListItem","position":2,"name":"O Que Fazemos","item":"https:\/\/businesspt.pt\/wpbpt\/o-que-fazemos\/"},{"@type":"ListItem","position":3,"name":"Workshop Value Proposition Canvas"}]},{"@type":"WebSite","@id":"https:\/\/businesspt.pt\/wpbpt\/#website","url":"https:\/\/businesspt.pt\/wpbpt\/","name":"Business Portugal","description":"Business Portugal","publisher":{"@id":"https:\/\/businesspt.pt\/wpbpt\/#organization"},"potentialAction":[{"@type":"SearchAction","target":{"@type":"EntryPoint","urlTemplate":"https:\/\/businesspt.pt\/wpbpt\/?s={search_term_string}"},"query-input":{"@type":"PropertyValueSpecification","valueRequired":true,"valueName":"search_term_string"}}],"inLanguage":"pt-PT"},{"@type":"Organization","@id":"https:\/\/businesspt.pt\/wpbpt\/#organization","name":"ANDR\u00c9 LUIZ DE ALMEIDA - TECHNOLOGY CONSULTING, UNIPESSOAL, LDA","url":"https:\/\/businesspt.pt\/wpbpt\/","logo":{"@type":"ImageObject","inLanguage":"pt-PT","@id":"https:\/\/businesspt.pt\/wpbpt\/#\/schema\/logo\/image\/","url":"https:\/\/businesspt.pt\/wpbpt\/wp-content\/uploads\/2015\/10\/bpt-icon.png","contentUrl":"https:\/\/businesspt.pt\/wpbpt\/wp-content\/uploads\/2015\/10\/bpt-icon.png","width":512,"height":512,"caption":"ANDR\u00c9 LUIZ DE ALMEIDA - TECHNOLOGY CONSULTING, UNIPESSOAL, LDA"},"image":{"@id":"https:\/\/businesspt.pt\/wpbpt\/#\/schema\/logo\/image\/"},"sameAs":["http:\/\/www.facebook.com\/businessportugal\/","http:\/\/bit.ly\/andrepmgr"]}]}},"_links":{"self":[{"href":"https:\/\/businesspt.pt\/wpbpt\/wp-json\/wp\/v2\/pages\/379","targetHints":{"allow":["GET"]}}],"collection":[{"href":"https:\/\/businesspt.pt\/wpbpt\/wp-json\/wp\/v2\/pages"}],"about":[{"href":"https:\/\/businesspt.pt\/wpbpt\/wp-json\/wp\/v2\/types\/page"}],"author":[{"embeddable":true,"href":"https:\/\/businesspt.pt\/wpbpt\/wp-json\/wp\/v2\/users\/1"}],"replies":[{"embeddable":true,"href":"https:\/\/businesspt.pt\/wpbpt\/wp-json\/wp\/v2\/comments?post=379"}],"version-history":[{"count":26,"href":"https:\/\/businesspt.pt\/wpbpt\/wp-json\/wp\/v2\/pages\/379\/revisions"}],"predecessor-version":[{"id":819,"href":"https:\/\/businesspt.pt\/wpbpt\/wp-json\/wp\/v2\/pages\/379\/revisions\/819"}],"up":[{"embeddable":true,"href":"https:\/\/businesspt.pt\/wpbpt\/wp-json\/wp\/v2\/pages\/25"}],"wp:attachment":[{"href":"https:\/\/businesspt.pt\/wpbpt\/wp-json\/wp\/v2\/media?parent=379"}],"curies":[{"name":"wp","href":"https:\/\/api.w.org\/{rel}","templated":true}]}}