{"id":372,"date":"2017-06-02T09:42:16","date_gmt":"2017-06-02T08:42:16","guid":{"rendered":"http:\/\/businesspt.pt\/wpbpt\/?page_id=372"},"modified":"2018-01-15T12:59:05","modified_gmt":"2018-01-15T12:59:05","slug":"sessao-individual-canvas","status":"publish","type":"page","link":"https:\/\/businesspt.pt\/wpbpt\/o-que-fazemos\/sessao-individual-canvas\/","title":{"rendered":"Sess\u00e3o Individual Canvas"},"content":{"rendered":"<div class=\"col-xs-12 col-lg-10 col-lg-offset-1\">\n<h3>Ajudamos na orienta\u00e7\u00e3o da sua ideia de neg\u00f3cio ou expans\u00e3o do mesmo com o formato visual que a metodologia prop\u00f5e, usando de meios pr\u00e1ticos, experi\u00eancia de mais de 6 anos e insights importantes no desenvolvimento de ideias.<br \/>\n<\/h3>\n<p>Utilizamos as t\u00e9cnicas de Value Proposition Canvas e\/ou Business Model Canvas (Direitos de <a href=\"http:\/\/www.strategyzer.com\" target=\"_blank\" rel=\"noopener noreferrer\">www.strategyzer.com<\/a>)<\/p>\n<div id=\"attachment_377\" style=\"width: 824px\" class=\"wp-caption alignnone\"><a href=\"http:\/\/businesspt.pt\/wpbpt\/wp-content\/uploads\/2017\/05\/sessaoall.png\"><img loading=\"lazy\" decoding=\"async\" aria-describedby=\"caption-attachment-377\" class=\" wp-image-377\" src=\"http:\/\/businesspt.pt\/wpbpt\/wp-content\/uploads\/2017\/05\/sessaoall.png\" alt=\"Strategyzer - Canvas\" width=\"814\" height=\"486\" \/><\/a><p id=\"caption-attachment-377\" class=\"wp-caption-text\">Exemplos de Sess\u00f5es Canvas Efetuadas<\/p><\/div>\n<p>O Objetivo da sess\u00e3o \u00e9 ter uma vis\u00e3o alargada sobre sua ideia de neg\u00f3cio, mas como isso \u00e9 poss\u00edvel?<\/p>\n<ul>\n<li>Questionamento de necessidades de clientes<\/li>\n<li>Orienta\u00e7\u00e3o de solu\u00e7\u00f5es pr\u00e1ticas aplic\u00e1veis<\/li>\n<li>Orienta\u00e7\u00e3o da cadeia do modelo de neg\u00f3cio, desde parceiros, fornecedores at\u00e9 o resultado financeiro<\/li>\n<li>Mentoria continuada para o desenvolvimento do projeto (consultar condi\u00e7\u00f5es*)<\/li>\n<\/ul>\n<p>&nbsp;<\/p>\n<p>A atividade, 100% Pr\u00e1tica divide-se em 2 grandes blocos com 3 etapas em cada um:<\/p>\n<h4>Perfil do Cliente<\/h4>\n<ul>\n<li>Quais atividades que busca Resolver \/ Necessidades que possui<\/li>\n<li>O que est\u00e1 impedindo que consiga obter exito?<\/li>\n<li>Quais os resultados esperados?<\/li>\n<\/ul>\n<h4>Proposta de Valor (De seu produto ou servi\u00e7o)<\/h4>\n<ul>\n<li>Defini\u00e7\u00e3o do seu Produto ou Servi\u00e7o<\/li>\n<li>Solu\u00e7\u00e3o entregada, o que seu produto ou servi\u00e7o resolve para o cliente.<\/li>\n<li>Quais resultados s\u00e3o entregues, dentro e al\u00e9m das expectativas?<\/li>\n<\/ul>\n<p>&nbsp;<\/p>\n<style type=\"text\/css\">.btCall {background: #1FA67A; display: inline-block; border-radius: 6px; padding: 1em 1.5em; text-decoration: none; color: #fff; font-size: 0.8em}.btCall:hover{ color: #fff !important; background-color:#17825f }.roxCallToAction{ padding: 2em 0; margin: 1.5em auto; border-bottom: 1px solid #e5e5e5; border-top: 1px solid #e5e5e5 }<\/style>\n<div class=\"row roxCallToAction\">\n<div class=\"col-md-8 col-sm-12\" style=\"text-align: center;\">\n<h3>Agende sua consulta!<\/h3>\n<p>Conver-se conosco para saber como empreender em Portugal.<\/p>\n<p>\t\t\t\t\t\t<a class=\"btCall\" href=\"http:\/\/businesspt.pt\/wpbpt\/agendar-consulta-inicial\/?page=canvas\">Agendar consulta de levantamento de perfil<\/a>\n\t\t\t\t\t<\/div>\n<div class=\"col-md-4 col-sm-12\"  style=\"text-align: center;\">\n<h4>Siga-nos:<\/h4>\n<p>\t\t\t\t\t\t<a href=\"https:\/\/www.facebook.com\/businessportugal\" target=\"_blank\"><br \/>\n\t\t\t\t\t\t\t<img decoding=\"async\" src=\"http:\/\/businesspt.pt\/wpbpt\/wp-content\/uploads\/2018\/01\/facebookling.png\"><br \/>\n\t\t\t\t\t\t<\/a>\n\t\t\t\t\t<\/div>\n<\/p><\/div>\n<p><small>*O Agendamento \u00e9 confirmado mediante o pr\u00e9-pagamento e confer\u00eancia da disponibilidade do mesmo. As confirma\u00e7\u00f5es s\u00e3o feitas em at\u00e9 48horas.<\/small><\/p>\n<p>&nbsp;<\/p>\n","protected":false},"excerpt":{"rendered":"<p>Ajudamos na orienta\u00e7\u00e3o da sua ideia de neg\u00f3cio ou expans\u00e3o do mesmo com o formato visual que a metodologia prop\u00f5e, usando de meios pr\u00e1ticos, experi\u00eancia de mais de 6 anos e insights importantes no desenvolvimento de ideias. Utilizamos as t\u00e9cnicas de Value Proposition Canvas e\/ou Business Model Canvas (Direitos de www.strategyzer.com) O Objetivo da sess\u00e3o [&hellip;]<\/p>\n","protected":false},"author":1,"featured_media":0,"parent":25,"menu_order":3,"comment_status":"closed","ping_status":"closed","template":"page-fullwidth.php","meta":{"_exactmetrics_skip_tracking":false,"_exactmetrics_sitenote_active":false,"_exactmetrics_sitenote_note":"","_exactmetrics_sitenote_category":0,"footnotes":""},"class_list":["post-372","page","type-page","status-publish","hentry"],"yoast_head":"<!-- This site is optimized with the Yoast SEO plugin v27.4 - https:\/\/yoast.com\/product\/yoast-seo-wordpress\/ -->\n<title>Sess\u00e3o Individual Canvas - Business Portugal<\/title>\n<meta name=\"robots\" content=\"index, follow, max-snippet:-1, max-image-preview:large, max-video-preview:-1\" \/>\n<link rel=\"canonical\" href=\"https:\/\/businesspt.pt\/wpbpt\/o-que-fazemos\/sessao-individual-canvas\/\" \/>\n<meta property=\"og:locale\" content=\"pt_PT\" \/>\n<meta property=\"og:type\" content=\"article\" \/>\n<meta property=\"og:title\" content=\"Sess\u00e3o Individual Canvas - Business Portugal\" \/>\n<meta property=\"og:description\" content=\"Ajudamos na orienta\u00e7\u00e3o da sua ideia de neg\u00f3cio ou expans\u00e3o do mesmo com o formato visual que a metodologia prop\u00f5e, usando de meios pr\u00e1ticos, experi\u00eancia de mais de 6 anos e insights importantes no desenvolvimento de ideias. Utilizamos as t\u00e9cnicas de Value Proposition Canvas e\/ou Business Model Canvas (Direitos de www.strategyzer.com) O Objetivo da sess\u00e3o [&hellip;]\" \/>\n<meta property=\"og:url\" content=\"https:\/\/businesspt.pt\/wpbpt\/o-que-fazemos\/sessao-individual-canvas\/\" \/>\n<meta property=\"og:site_name\" content=\"Business Portugal\" \/>\n<meta property=\"article:publisher\" content=\"http:\/\/www.facebook.com\/businessportugal\/\" \/>\n<meta property=\"article:modified_time\" content=\"2018-01-15T12:59:05+00:00\" \/>\n<meta property=\"og:image\" content=\"http:\/\/businesspt.pt\/wpbpt\/wp-content\/uploads\/2017\/05\/sessaoall.png\" \/>\n<meta name=\"twitter:card\" content=\"summary_large_image\" \/>\n<meta name=\"twitter:label1\" content=\"Tempo estimado de leitura\" \/>\n\t<meta name=\"twitter:data1\" content=\"1 minute\" \/>\n<script type=\"application\/ld+json\" class=\"yoast-schema-graph\">{\"@context\":\"https:\\\/\\\/schema.org\",\"@graph\":[{\"@type\":\"WebPage\",\"@id\":\"https:\\\/\\\/businesspt.pt\\\/wpbpt\\\/o-que-fazemos\\\/sessao-individual-canvas\\\/\",\"url\":\"https:\\\/\\\/businesspt.pt\\\/wpbpt\\\/o-que-fazemos\\\/sessao-individual-canvas\\\/\",\"name\":\"Sess\u00e3o Individual Canvas - Business Portugal\",\"isPartOf\":{\"@id\":\"https:\\\/\\\/businesspt.pt\\\/wpbpt\\\/#website\"},\"primaryImageOfPage\":{\"@id\":\"https:\\\/\\\/businesspt.pt\\\/wpbpt\\\/o-que-fazemos\\\/sessao-individual-canvas\\\/#primaryimage\"},\"image\":{\"@id\":\"https:\\\/\\\/businesspt.pt\\\/wpbpt\\\/o-que-fazemos\\\/sessao-individual-canvas\\\/#primaryimage\"},\"thumbnailUrl\":\"http:\\\/\\\/businesspt.pt\\\/wpbpt\\\/wp-content\\\/uploads\\\/2017\\\/05\\\/sessaoall.png\",\"datePublished\":\"2017-06-02T08:42:16+00:00\",\"dateModified\":\"2018-01-15T12:59:05+00:00\",\"breadcrumb\":{\"@id\":\"https:\\\/\\\/businesspt.pt\\\/wpbpt\\\/o-que-fazemos\\\/sessao-individual-canvas\\\/#breadcrumb\"},\"inLanguage\":\"pt-PT\",\"potentialAction\":[{\"@type\":\"ReadAction\",\"target\":[\"https:\\\/\\\/businesspt.pt\\\/wpbpt\\\/o-que-fazemos\\\/sessao-individual-canvas\\\/\"]}]},{\"@type\":\"ImageObject\",\"inLanguage\":\"pt-PT\",\"@id\":\"https:\\\/\\\/businesspt.pt\\\/wpbpt\\\/o-que-fazemos\\\/sessao-individual-canvas\\\/#primaryimage\",\"url\":\"https:\\\/\\\/businesspt.pt\\\/wpbpt\\\/wp-content\\\/uploads\\\/2017\\\/05\\\/sessaoall.png\",\"contentUrl\":\"https:\\\/\\\/businesspt.pt\\\/wpbpt\\\/wp-content\\\/uploads\\\/2017\\\/05\\\/sessaoall.png\",\"width\":1305,\"height\":780,\"caption\":\"Exemplos de Sess\u00f5es Canvas Efetuadas\"},{\"@type\":\"BreadcrumbList\",\"@id\":\"https:\\\/\\\/businesspt.pt\\\/wpbpt\\\/o-que-fazemos\\\/sessao-individual-canvas\\\/#breadcrumb\",\"itemListElement\":[{\"@type\":\"ListItem\",\"position\":1,\"name\":\"Home\",\"item\":\"https:\\\/\\\/businesspt.pt\\\/wpbpt\\\/\"},{\"@type\":\"ListItem\",\"position\":2,\"name\":\"O Que Fazemos\",\"item\":\"https:\\\/\\\/businesspt.pt\\\/wpbpt\\\/o-que-fazemos\\\/\"},{\"@type\":\"ListItem\",\"position\":3,\"name\":\"Sess\u00e3o Individual Canvas\"}]},{\"@type\":\"WebSite\",\"@id\":\"https:\\\/\\\/businesspt.pt\\\/wpbpt\\\/#website\",\"url\":\"https:\\\/\\\/businesspt.pt\\\/wpbpt\\\/\",\"name\":\"Business Portugal\",\"description\":\"Business Portugal\",\"publisher\":{\"@id\":\"https:\\\/\\\/businesspt.pt\\\/wpbpt\\\/#organization\"},\"potentialAction\":[{\"@type\":\"SearchAction\",\"target\":{\"@type\":\"EntryPoint\",\"urlTemplate\":\"https:\\\/\\\/businesspt.pt\\\/wpbpt\\\/?s={search_term_string}\"},\"query-input\":{\"@type\":\"PropertyValueSpecification\",\"valueRequired\":true,\"valueName\":\"search_term_string\"}}],\"inLanguage\":\"pt-PT\"},{\"@type\":\"Organization\",\"@id\":\"https:\\\/\\\/businesspt.pt\\\/wpbpt\\\/#organization\",\"name\":\"ANDR\u00c9 LUIZ DE ALMEIDA - TECHNOLOGY CONSULTING, UNIPESSOAL, LDA\",\"url\":\"https:\\\/\\\/businesspt.pt\\\/wpbpt\\\/\",\"logo\":{\"@type\":\"ImageObject\",\"inLanguage\":\"pt-PT\",\"@id\":\"https:\\\/\\\/businesspt.pt\\\/wpbpt\\\/#\\\/schema\\\/logo\\\/image\\\/\",\"url\":\"https:\\\/\\\/businesspt.pt\\\/wpbpt\\\/wp-content\\\/uploads\\\/2015\\\/10\\\/bpt-icon.png\",\"contentUrl\":\"https:\\\/\\\/businesspt.pt\\\/wpbpt\\\/wp-content\\\/uploads\\\/2015\\\/10\\\/bpt-icon.png\",\"width\":512,\"height\":512,\"caption\":\"ANDR\u00c9 LUIZ DE ALMEIDA - TECHNOLOGY CONSULTING, UNIPESSOAL, LDA\"},\"image\":{\"@id\":\"https:\\\/\\\/businesspt.pt\\\/wpbpt\\\/#\\\/schema\\\/logo\\\/image\\\/\"},\"sameAs\":[\"http:\\\/\\\/www.facebook.com\\\/businessportugal\\\/\",\"http:\\\/\\\/bit.ly\\\/andrepmgr\"]}]}<\/script>\n<!-- \/ Yoast SEO plugin. -->","yoast_head_json":{"title":"Sess\u00e3o Individual Canvas - Business Portugal","robots":{"index":"index","follow":"follow","max-snippet":"max-snippet:-1","max-image-preview":"max-image-preview:large","max-video-preview":"max-video-preview:-1"},"canonical":"https:\/\/businesspt.pt\/wpbpt\/o-que-fazemos\/sessao-individual-canvas\/","og_locale":"pt_PT","og_type":"article","og_title":"Sess\u00e3o Individual Canvas - Business Portugal","og_description":"Ajudamos na orienta\u00e7\u00e3o da sua ideia de neg\u00f3cio ou expans\u00e3o do mesmo com o formato visual que a metodologia prop\u00f5e, usando de meios pr\u00e1ticos, experi\u00eancia de mais de 6 anos e insights importantes no desenvolvimento de ideias. Utilizamos as t\u00e9cnicas de Value Proposition Canvas e\/ou Business Model Canvas (Direitos de www.strategyzer.com) O Objetivo da sess\u00e3o [&hellip;]","og_url":"https:\/\/businesspt.pt\/wpbpt\/o-que-fazemos\/sessao-individual-canvas\/","og_site_name":"Business Portugal","article_publisher":"http:\/\/www.facebook.com\/businessportugal\/","article_modified_time":"2018-01-15T12:59:05+00:00","og_image":[{"url":"http:\/\/businesspt.pt\/wpbpt\/wp-content\/uploads\/2017\/05\/sessaoall.png","type":"","width":"","height":""}],"twitter_card":"summary_large_image","twitter_misc":{"Tempo estimado de leitura":"1 minute"},"schema":{"@context":"https:\/\/schema.org","@graph":[{"@type":"WebPage","@id":"https:\/\/businesspt.pt\/wpbpt\/o-que-fazemos\/sessao-individual-canvas\/","url":"https:\/\/businesspt.pt\/wpbpt\/o-que-fazemos\/sessao-individual-canvas\/","name":"Sess\u00e3o Individual Canvas - Business Portugal","isPartOf":{"@id":"https:\/\/businesspt.pt\/wpbpt\/#website"},"primaryImageOfPage":{"@id":"https:\/\/businesspt.pt\/wpbpt\/o-que-fazemos\/sessao-individual-canvas\/#primaryimage"},"image":{"@id":"https:\/\/businesspt.pt\/wpbpt\/o-que-fazemos\/sessao-individual-canvas\/#primaryimage"},"thumbnailUrl":"http:\/\/businesspt.pt\/wpbpt\/wp-content\/uploads\/2017\/05\/sessaoall.png","datePublished":"2017-06-02T08:42:16+00:00","dateModified":"2018-01-15T12:59:05+00:00","breadcrumb":{"@id":"https:\/\/businesspt.pt\/wpbpt\/o-que-fazemos\/sessao-individual-canvas\/#breadcrumb"},"inLanguage":"pt-PT","potentialAction":[{"@type":"ReadAction","target":["https:\/\/businesspt.pt\/wpbpt\/o-que-fazemos\/sessao-individual-canvas\/"]}]},{"@type":"ImageObject","inLanguage":"pt-PT","@id":"https:\/\/businesspt.pt\/wpbpt\/o-que-fazemos\/sessao-individual-canvas\/#primaryimage","url":"https:\/\/businesspt.pt\/wpbpt\/wp-content\/uploads\/2017\/05\/sessaoall.png","contentUrl":"https:\/\/businesspt.pt\/wpbpt\/wp-content\/uploads\/2017\/05\/sessaoall.png","width":1305,"height":780,"caption":"Exemplos de Sess\u00f5es Canvas Efetuadas"},{"@type":"BreadcrumbList","@id":"https:\/\/businesspt.pt\/wpbpt\/o-que-fazemos\/sessao-individual-canvas\/#breadcrumb","itemListElement":[{"@type":"ListItem","position":1,"name":"Home","item":"https:\/\/businesspt.pt\/wpbpt\/"},{"@type":"ListItem","position":2,"name":"O Que Fazemos","item":"https:\/\/businesspt.pt\/wpbpt\/o-que-fazemos\/"},{"@type":"ListItem","position":3,"name":"Sess\u00e3o Individual Canvas"}]},{"@type":"WebSite","@id":"https:\/\/businesspt.pt\/wpbpt\/#website","url":"https:\/\/businesspt.pt\/wpbpt\/","name":"Business Portugal","description":"Business Portugal","publisher":{"@id":"https:\/\/businesspt.pt\/wpbpt\/#organization"},"potentialAction":[{"@type":"SearchAction","target":{"@type":"EntryPoint","urlTemplate":"https:\/\/businesspt.pt\/wpbpt\/?s={search_term_string}"},"query-input":{"@type":"PropertyValueSpecification","valueRequired":true,"valueName":"search_term_string"}}],"inLanguage":"pt-PT"},{"@type":"Organization","@id":"https:\/\/businesspt.pt\/wpbpt\/#organization","name":"ANDR\u00c9 LUIZ DE ALMEIDA - TECHNOLOGY CONSULTING, UNIPESSOAL, LDA","url":"https:\/\/businesspt.pt\/wpbpt\/","logo":{"@type":"ImageObject","inLanguage":"pt-PT","@id":"https:\/\/businesspt.pt\/wpbpt\/#\/schema\/logo\/image\/","url":"https:\/\/businesspt.pt\/wpbpt\/wp-content\/uploads\/2015\/10\/bpt-icon.png","contentUrl":"https:\/\/businesspt.pt\/wpbpt\/wp-content\/uploads\/2015\/10\/bpt-icon.png","width":512,"height":512,"caption":"ANDR\u00c9 LUIZ DE ALMEIDA - TECHNOLOGY CONSULTING, UNIPESSOAL, LDA"},"image":{"@id":"https:\/\/businesspt.pt\/wpbpt\/#\/schema\/logo\/image\/"},"sameAs":["http:\/\/www.facebook.com\/businessportugal\/","http:\/\/bit.ly\/andrepmgr"]}]}},"_links":{"self":[{"href":"https:\/\/businesspt.pt\/wpbpt\/wp-json\/wp\/v2\/pages\/372","targetHints":{"allow":["GET"]}}],"collection":[{"href":"https:\/\/businesspt.pt\/wpbpt\/wp-json\/wp\/v2\/pages"}],"about":[{"href":"https:\/\/businesspt.pt\/wpbpt\/wp-json\/wp\/v2\/types\/page"}],"author":[{"embeddable":true,"href":"https:\/\/businesspt.pt\/wpbpt\/wp-json\/wp\/v2\/users\/1"}],"replies":[{"embeddable":true,"href":"https:\/\/businesspt.pt\/wpbpt\/wp-json\/wp\/v2\/comments?post=372"}],"version-history":[{"count":10,"href":"https:\/\/businesspt.pt\/wpbpt\/wp-json\/wp\/v2\/pages\/372\/revisions"}],"predecessor-version":[{"id":818,"href":"https:\/\/businesspt.pt\/wpbpt\/wp-json\/wp\/v2\/pages\/372\/revisions\/818"}],"up":[{"embeddable":true,"href":"https:\/\/businesspt.pt\/wpbpt\/wp-json\/wp\/v2\/pages\/25"}],"wp:attachment":[{"href":"https:\/\/businesspt.pt\/wpbpt\/wp-json\/wp\/v2\/media?parent=372"}],"curies":[{"name":"wp","href":"https:\/\/api.w.org\/{rel}","templated":true}]}}