{"id":369,"date":"2017-06-02T10:21:22","date_gmt":"2017-06-02T09:21:22","guid":{"rendered":"http:\/\/businesspt.pt\/wpbpt\/?page_id=369"},"modified":"2021-04-25T23:19:00","modified_gmt":"2021-04-25T23:19:00","slug":"consultoria-de-negocios-em-portugal","status":"publish","type":"page","link":"https:\/\/businesspt.pt\/wpbpt\/o-que-fazemos\/consultoria-de-negocios-em-portugal\/","title":{"rendered":"Consultoria de Neg\u00f3cios em Portugal"},"content":{"rendered":"<div class=\"col-xs-12 col-lg-10 col-lg-offset-1\">\n<h3>A <strong>Consultoria de neg\u00f3cios em Portugal<\/strong> vai al\u00e9m do plano digital de base, com  prazos de 3 a 12 meses visa desenvolvimento mais detalhado de uma atividade, a melhoria de neg\u00f3cios existes e a consultoria em investimentos e franchise.<\/h3>\n<p>Este tipo de projeto como Business Plan Personalizado \u00e9 feito juntamente de\u00a0uma comunica\u00e7\u00e3o constante com o cliente em busca de informa\u00e7\u00f5es mais detalhadas sobre algum modelo de neg\u00f3cio, principalmente se o projeto envolver algum investimento\u00a0mais detalhado ou existir ainda um longo prazo para que seja iniciado.<\/p>\n<div class=\"row\">\n<div class=\"col-xs-12 col-sm-5\">\n<div style=\"width: 809px\" class=\"wp-caption alignnone\"><a href=\"http:\/\/www.businesspt.pt\/apresentacao.pdf\" target=\"_blank\" rel=\"noopener noreferrer\"><img loading=\"lazy\" decoding=\"async\" class=\"img-responsive\" src=\"http:\/\/businesspt.pt\/wpbpt\/wp-content\/uploads\/2017\/06\/plano-de-negocios-completo.png\" alt=\"Business Plan Personalizado\" width=\"799\" height=\"560\" \/><\/a><p class=\"wp-caption-text\">Business Plan Personalizado<\/p><\/div>\n<\/div>\n<div class=\"col-xs-12 col-sm-7\">\n<p>&nbsp;<\/p>\n<p>Os valores e prazos s\u00e3o estabelecidos a medida das necessidades de cada projeto e resultados a serem desenvolvidos depender\u00e3o exclusivamente da dimens\u00e3o, complexidade e esfera temporal para elabora\u00e7\u00e3o de documenta\u00e7\u00e3o e estudos necess\u00e1rios.<\/p>\n<p>O objetivo neste tipo de atividade \u00e9 pormenorizar um modelo de neg\u00f3cio junto de sua viabilidade ou n\u00e3o, para que o cliente tenha a possibilidade de vir a Portugal j\u00e1 com um modelo pronto e com prazos muito r\u00e1pidos para implementa\u00e7\u00e3o da atividade pretendida.<\/p>\n<p><a href=\"http:\/\/www.businesspt.pt\/apresentacao.pdf\" target=\"_blank\" rel=\"noopener noreferrer\"><strong>Modelo de apresenta\u00e7\u00e3o do Business Plan Personalizado<\/strong><\/a><\/p>\n<\/div>\n<\/div>\n<p>&nbsp;<\/p>\n<style type=\"text\/css\">.btCall {background: #1FA67A; display: inline-block; border-radius: 6px; padding: 1em 1.5em; text-decoration: none; color: #fff; font-size: 0.8em}.btCall:hover{ color: #fff !important; background-color:#17825f }.roxCallToAction{ padding: 2em 0; margin: 1.5em auto; border-bottom: 1px solid #e5e5e5; border-top: 1px solid #e5e5e5 }<\/style>\n<div class=\"row roxCallToAction\">\n<div class=\"col-md-8 col-sm-12\" style=\"text-align: center;\">\n<h3>Agende sua consulta!<\/h3>\n<p>Conver-se conosco para saber como empreender em Portugal.<\/p>\n<p>\t\t\t\t\t\t<a class=\"btCall\" href=\"http:\/\/businesspt.pt\/wpbpt\/agendar-consulta-inicial\/?page=bppersonalizado\">Agendar consulta de levantamento de perfil<\/a>\n\t\t\t\t\t<\/div>\n<div class=\"col-md-4 col-sm-12\"  style=\"text-align: center;\">\n<h4>Siga-nos:<\/h4>\n<p>\t\t\t\t\t\t<a href=\"https:\/\/www.facebook.com\/businessportugal\" target=\"_blank\" rel=\"noopener noreferrer\"><br \/>\n\t\t\t\t\t\t\t<img decoding=\"async\" src=\"http:\/\/businesspt.pt\/wpbpt\/wp-content\/uploads\/2018\/01\/facebookling.png\"><br \/>\n\t\t\t\t\t\t<\/a>\n\t\t\t\t\t<\/div>\n<\/p><\/div>\n<p><small>*O Agendamento \u00e9 confirmado mediante o pr\u00e9-pagamento e confer\u00eancia da disponibilidade do mesmo. As confirma\u00e7\u00f5es s\u00e3o feitas em at\u00e9 48horas.<\/small><\/p>\n<p>&nbsp;<\/p>\n<\/div>\n","protected":false},"excerpt":{"rendered":"<p>A Consultoria de neg\u00f3cios em Portugal vai al\u00e9m do plano digital de base, com prazos de 3 a 12 meses visa desenvolvimento mais detalhado de uma atividade, a melhoria de neg\u00f3cios existes e a consultoria em investimentos e franchise. Este tipo de projeto como Business Plan Personalizado \u00e9 feito juntamente de\u00a0uma comunica\u00e7\u00e3o constante com o [&hellip;]<\/p>\n","protected":false},"author":1,"featured_media":0,"parent":25,"menu_order":4,"comment_status":"closed","ping_status":"closed","template":"page-fullwidth.php","meta":{"_exactmetrics_skip_tracking":false,"_exactmetrics_sitenote_active":false,"_exactmetrics_sitenote_note":"","_exactmetrics_sitenote_category":0,"footnotes":""},"class_list":["post-369","page","type-page","status-publish","hentry"],"yoast_head":"<!-- This site is optimized with the Yoast SEO plugin v27.4 - https:\/\/yoast.com\/product\/yoast-seo-wordpress\/ -->\n<title>Consultoria de Neg\u00f3cios em Portugal: Novas empresas, investimentos e consultoria especializada<\/title>\n<meta name=\"description\" content=\"Consultoria de neg\u00f3cios em Portugal, especialista em novos neg\u00f3cios, franchise, consultoria especializada, investimentos e start-ups.\" \/>\n<meta name=\"robots\" content=\"index, follow, max-snippet:-1, max-image-preview:large, max-video-preview:-1\" \/>\n<link rel=\"canonical\" href=\"https:\/\/businesspt.pt\/wpbpt\/o-que-fazemos\/consultoria-de-negocios-em-portugal\/\" \/>\n<meta property=\"og:locale\" content=\"pt_PT\" \/>\n<meta property=\"og:type\" content=\"article\" \/>\n<meta property=\"og:title\" content=\"Consultoria de Neg\u00f3cios em Portugal: Novas empresas, investimentos e consultoria especializada\" \/>\n<meta property=\"og:description\" content=\"Consultoria de neg\u00f3cios em Portugal, especialista em novos neg\u00f3cios, franchise, consultoria especializada, investimentos e start-ups.\" \/>\n<meta property=\"og:url\" content=\"https:\/\/businesspt.pt\/wpbpt\/o-que-fazemos\/consultoria-de-negocios-em-portugal\/\" \/>\n<meta property=\"og:site_name\" content=\"Business Portugal\" \/>\n<meta property=\"article:publisher\" content=\"http:\/\/www.facebook.com\/businessportugal\/\" \/>\n<meta property=\"article:modified_time\" content=\"2021-04-25T23:19:00+00:00\" \/>\n<meta property=\"og:image\" content=\"http:\/\/businesspt.pt\/wpbpt\/wp-content\/uploads\/2017\/06\/plano-de-negocios-completo.png\" \/>\n<meta name=\"twitter:card\" content=\"summary_large_image\" \/>\n<meta name=\"twitter:label1\" content=\"Tempo estimado de leitura\" \/>\n\t<meta name=\"twitter:data1\" content=\"1 minute\" \/>\n<script type=\"application\/ld+json\" class=\"yoast-schema-graph\">{\"@context\":\"https:\\\/\\\/schema.org\",\"@graph\":[{\"@type\":\"WebPage\",\"@id\":\"https:\\\/\\\/businesspt.pt\\\/wpbpt\\\/o-que-fazemos\\\/consultoria-de-negocios-em-portugal\\\/\",\"url\":\"https:\\\/\\\/businesspt.pt\\\/wpbpt\\\/o-que-fazemos\\\/consultoria-de-negocios-em-portugal\\\/\",\"name\":\"Consultoria de Neg\u00f3cios em Portugal: Novas empresas, investimentos e consultoria especializada\",\"isPartOf\":{\"@id\":\"https:\\\/\\\/businesspt.pt\\\/wpbpt\\\/#website\"},\"primaryImageOfPage\":{\"@id\":\"https:\\\/\\\/businesspt.pt\\\/wpbpt\\\/o-que-fazemos\\\/consultoria-de-negocios-em-portugal\\\/#primaryimage\"},\"image\":{\"@id\":\"https:\\\/\\\/businesspt.pt\\\/wpbpt\\\/o-que-fazemos\\\/consultoria-de-negocios-em-portugal\\\/#primaryimage\"},\"thumbnailUrl\":\"http:\\\/\\\/businesspt.pt\\\/wpbpt\\\/wp-content\\\/uploads\\\/2017\\\/06\\\/plano-de-negocios-completo.png\",\"datePublished\":\"2017-06-02T09:21:22+00:00\",\"dateModified\":\"2021-04-25T23:19:00+00:00\",\"description\":\"Consultoria de neg\u00f3cios em Portugal, especialista em novos neg\u00f3cios, franchise, consultoria especializada, investimentos e start-ups.\",\"breadcrumb\":{\"@id\":\"https:\\\/\\\/businesspt.pt\\\/wpbpt\\\/o-que-fazemos\\\/consultoria-de-negocios-em-portugal\\\/#breadcrumb\"},\"inLanguage\":\"pt-PT\",\"potentialAction\":[{\"@type\":\"ReadAction\",\"target\":[\"https:\\\/\\\/businesspt.pt\\\/wpbpt\\\/o-que-fazemos\\\/consultoria-de-negocios-em-portugal\\\/\"]}]},{\"@type\":\"ImageObject\",\"inLanguage\":\"pt-PT\",\"@id\":\"https:\\\/\\\/businesspt.pt\\\/wpbpt\\\/o-que-fazemos\\\/consultoria-de-negocios-em-portugal\\\/#primaryimage\",\"url\":\"https:\\\/\\\/businesspt.pt\\\/wpbpt\\\/wp-content\\\/uploads\\\/2017\\\/06\\\/plano-de-negocios-completo.png\",\"contentUrl\":\"https:\\\/\\\/businesspt.pt\\\/wpbpt\\\/wp-content\\\/uploads\\\/2017\\\/06\\\/plano-de-negocios-completo.png\",\"width\":799,\"height\":560},{\"@type\":\"BreadcrumbList\",\"@id\":\"https:\\\/\\\/businesspt.pt\\\/wpbpt\\\/o-que-fazemos\\\/consultoria-de-negocios-em-portugal\\\/#breadcrumb\",\"itemListElement\":[{\"@type\":\"ListItem\",\"position\":1,\"name\":\"Home\",\"item\":\"https:\\\/\\\/businesspt.pt\\\/wpbpt\\\/\"},{\"@type\":\"ListItem\",\"position\":2,\"name\":\"O Que Fazemos\",\"item\":\"https:\\\/\\\/businesspt.pt\\\/wpbpt\\\/o-que-fazemos\\\/\"},{\"@type\":\"ListItem\",\"position\":3,\"name\":\"Consultoria de Neg\u00f3cios em Portugal\"}]},{\"@type\":\"WebSite\",\"@id\":\"https:\\\/\\\/businesspt.pt\\\/wpbpt\\\/#website\",\"url\":\"https:\\\/\\\/businesspt.pt\\\/wpbpt\\\/\",\"name\":\"Business Portugal\",\"description\":\"Business Portugal\",\"publisher\":{\"@id\":\"https:\\\/\\\/businesspt.pt\\\/wpbpt\\\/#organization\"},\"potentialAction\":[{\"@type\":\"SearchAction\",\"target\":{\"@type\":\"EntryPoint\",\"urlTemplate\":\"https:\\\/\\\/businesspt.pt\\\/wpbpt\\\/?s={search_term_string}\"},\"query-input\":{\"@type\":\"PropertyValueSpecification\",\"valueRequired\":true,\"valueName\":\"search_term_string\"}}],\"inLanguage\":\"pt-PT\"},{\"@type\":\"Organization\",\"@id\":\"https:\\\/\\\/businesspt.pt\\\/wpbpt\\\/#organization\",\"name\":\"ANDR\u00c9 LUIZ DE ALMEIDA - TECHNOLOGY CONSULTING, UNIPESSOAL, LDA\",\"url\":\"https:\\\/\\\/businesspt.pt\\\/wpbpt\\\/\",\"logo\":{\"@type\":\"ImageObject\",\"inLanguage\":\"pt-PT\",\"@id\":\"https:\\\/\\\/businesspt.pt\\\/wpbpt\\\/#\\\/schema\\\/logo\\\/image\\\/\",\"url\":\"https:\\\/\\\/businesspt.pt\\\/wpbpt\\\/wp-content\\\/uploads\\\/2015\\\/10\\\/bpt-icon.png\",\"contentUrl\":\"https:\\\/\\\/businesspt.pt\\\/wpbpt\\\/wp-content\\\/uploads\\\/2015\\\/10\\\/bpt-icon.png\",\"width\":512,\"height\":512,\"caption\":\"ANDR\u00c9 LUIZ DE ALMEIDA - TECHNOLOGY CONSULTING, UNIPESSOAL, LDA\"},\"image\":{\"@id\":\"https:\\\/\\\/businesspt.pt\\\/wpbpt\\\/#\\\/schema\\\/logo\\\/image\\\/\"},\"sameAs\":[\"http:\\\/\\\/www.facebook.com\\\/businessportugal\\\/\",\"http:\\\/\\\/bit.ly\\\/andrepmgr\"]}]}<\/script>\n<!-- \/ Yoast SEO plugin. -->","yoast_head_json":{"title":"Consultoria de Neg\u00f3cios em Portugal: Novas empresas, investimentos e consultoria especializada","description":"Consultoria de neg\u00f3cios em Portugal, especialista em novos neg\u00f3cios, franchise, consultoria especializada, investimentos e start-ups.","robots":{"index":"index","follow":"follow","max-snippet":"max-snippet:-1","max-image-preview":"max-image-preview:large","max-video-preview":"max-video-preview:-1"},"canonical":"https:\/\/businesspt.pt\/wpbpt\/o-que-fazemos\/consultoria-de-negocios-em-portugal\/","og_locale":"pt_PT","og_type":"article","og_title":"Consultoria de Neg\u00f3cios em Portugal: Novas empresas, investimentos e consultoria especializada","og_description":"Consultoria de neg\u00f3cios em Portugal, especialista em novos neg\u00f3cios, franchise, consultoria especializada, investimentos e start-ups.","og_url":"https:\/\/businesspt.pt\/wpbpt\/o-que-fazemos\/consultoria-de-negocios-em-portugal\/","og_site_name":"Business Portugal","article_publisher":"http:\/\/www.facebook.com\/businessportugal\/","article_modified_time":"2021-04-25T23:19:00+00:00","og_image":[{"url":"http:\/\/businesspt.pt\/wpbpt\/wp-content\/uploads\/2017\/06\/plano-de-negocios-completo.png","type":"","width":"","height":""}],"twitter_card":"summary_large_image","twitter_misc":{"Tempo estimado de leitura":"1 minute"},"schema":{"@context":"https:\/\/schema.org","@graph":[{"@type":"WebPage","@id":"https:\/\/businesspt.pt\/wpbpt\/o-que-fazemos\/consultoria-de-negocios-em-portugal\/","url":"https:\/\/businesspt.pt\/wpbpt\/o-que-fazemos\/consultoria-de-negocios-em-portugal\/","name":"Consultoria de Neg\u00f3cios em Portugal: Novas empresas, investimentos e consultoria especializada","isPartOf":{"@id":"https:\/\/businesspt.pt\/wpbpt\/#website"},"primaryImageOfPage":{"@id":"https:\/\/businesspt.pt\/wpbpt\/o-que-fazemos\/consultoria-de-negocios-em-portugal\/#primaryimage"},"image":{"@id":"https:\/\/businesspt.pt\/wpbpt\/o-que-fazemos\/consultoria-de-negocios-em-portugal\/#primaryimage"},"thumbnailUrl":"http:\/\/businesspt.pt\/wpbpt\/wp-content\/uploads\/2017\/06\/plano-de-negocios-completo.png","datePublished":"2017-06-02T09:21:22+00:00","dateModified":"2021-04-25T23:19:00+00:00","description":"Consultoria de neg\u00f3cios em Portugal, especialista em novos neg\u00f3cios, franchise, consultoria especializada, investimentos e start-ups.","breadcrumb":{"@id":"https:\/\/businesspt.pt\/wpbpt\/o-que-fazemos\/consultoria-de-negocios-em-portugal\/#breadcrumb"},"inLanguage":"pt-PT","potentialAction":[{"@type":"ReadAction","target":["https:\/\/businesspt.pt\/wpbpt\/o-que-fazemos\/consultoria-de-negocios-em-portugal\/"]}]},{"@type":"ImageObject","inLanguage":"pt-PT","@id":"https:\/\/businesspt.pt\/wpbpt\/o-que-fazemos\/consultoria-de-negocios-em-portugal\/#primaryimage","url":"https:\/\/businesspt.pt\/wpbpt\/wp-content\/uploads\/2017\/06\/plano-de-negocios-completo.png","contentUrl":"https:\/\/businesspt.pt\/wpbpt\/wp-content\/uploads\/2017\/06\/plano-de-negocios-completo.png","width":799,"height":560},{"@type":"BreadcrumbList","@id":"https:\/\/businesspt.pt\/wpbpt\/o-que-fazemos\/consultoria-de-negocios-em-portugal\/#breadcrumb","itemListElement":[{"@type":"ListItem","position":1,"name":"Home","item":"https:\/\/businesspt.pt\/wpbpt\/"},{"@type":"ListItem","position":2,"name":"O Que Fazemos","item":"https:\/\/businesspt.pt\/wpbpt\/o-que-fazemos\/"},{"@type":"ListItem","position":3,"name":"Consultoria de Neg\u00f3cios em Portugal"}]},{"@type":"WebSite","@id":"https:\/\/businesspt.pt\/wpbpt\/#website","url":"https:\/\/businesspt.pt\/wpbpt\/","name":"Business Portugal","description":"Business Portugal","publisher":{"@id":"https:\/\/businesspt.pt\/wpbpt\/#organization"},"potentialAction":[{"@type":"SearchAction","target":{"@type":"EntryPoint","urlTemplate":"https:\/\/businesspt.pt\/wpbpt\/?s={search_term_string}"},"query-input":{"@type":"PropertyValueSpecification","valueRequired":true,"valueName":"search_term_string"}}],"inLanguage":"pt-PT"},{"@type":"Organization","@id":"https:\/\/businesspt.pt\/wpbpt\/#organization","name":"ANDR\u00c9 LUIZ DE ALMEIDA - TECHNOLOGY CONSULTING, UNIPESSOAL, LDA","url":"https:\/\/businesspt.pt\/wpbpt\/","logo":{"@type":"ImageObject","inLanguage":"pt-PT","@id":"https:\/\/businesspt.pt\/wpbpt\/#\/schema\/logo\/image\/","url":"https:\/\/businesspt.pt\/wpbpt\/wp-content\/uploads\/2015\/10\/bpt-icon.png","contentUrl":"https:\/\/businesspt.pt\/wpbpt\/wp-content\/uploads\/2015\/10\/bpt-icon.png","width":512,"height":512,"caption":"ANDR\u00c9 LUIZ DE ALMEIDA - TECHNOLOGY CONSULTING, UNIPESSOAL, LDA"},"image":{"@id":"https:\/\/businesspt.pt\/wpbpt\/#\/schema\/logo\/image\/"},"sameAs":["http:\/\/www.facebook.com\/businessportugal\/","http:\/\/bit.ly\/andrepmgr"]}]}},"_links":{"self":[{"href":"https:\/\/businesspt.pt\/wpbpt\/wp-json\/wp\/v2\/pages\/369","targetHints":{"allow":["GET"]}}],"collection":[{"href":"https:\/\/businesspt.pt\/wpbpt\/wp-json\/wp\/v2\/pages"}],"about":[{"href":"https:\/\/businesspt.pt\/wpbpt\/wp-json\/wp\/v2\/types\/page"}],"author":[{"embeddable":true,"href":"https:\/\/businesspt.pt\/wpbpt\/wp-json\/wp\/v2\/users\/1"}],"replies":[{"embeddable":true,"href":"https:\/\/businesspt.pt\/wpbpt\/wp-json\/wp\/v2\/comments?post=369"}],"version-history":[{"count":27,"href":"https:\/\/businesspt.pt\/wpbpt\/wp-json\/wp\/v2\/pages\/369\/revisions"}],"predecessor-version":[{"id":1298,"href":"https:\/\/businesspt.pt\/wpbpt\/wp-json\/wp\/v2\/pages\/369\/revisions\/1298"}],"up":[{"embeddable":true,"href":"https:\/\/businesspt.pt\/wpbpt\/wp-json\/wp\/v2\/pages\/25"}],"wp:attachment":[{"href":"https:\/\/businesspt.pt\/wpbpt\/wp-json\/wp\/v2\/media?parent=369"}],"curies":[{"name":"wp","href":"https:\/\/api.w.org\/{rel}","templated":true}]}}