{"id":366,"date":"2017-05-21T14:14:46","date_gmt":"2017-05-21T13:14:46","guid":{"rendered":"http:\/\/businesspt.pt\/wpbpt\/?page_id=366"},"modified":"2021-04-25T23:15:47","modified_gmt":"2021-04-25T23:15:47","slug":"business-plan-digital-business-portugal","status":"publish","type":"page","link":"https:\/\/businesspt.pt\/wpbpt\/o-que-fazemos\/business-plan-digital-business-portugal\/","title":{"rendered":"Business Plan Digital"},"content":{"rendered":"<div class=\"col-xs-12 col-lg-10 col-lg-offset-1\">\n<h3>O Business Plan Digital responde a necessidade dos clientes que j\u00e1 possuem um neg\u00f3cio e buscam expandir ou replicar este em Portugal.<\/h3>\n<h4>Seja mediante a aplica\u00e7\u00e3o de um visto para empreender ou de uma orienta\u00e7\u00e3o estruturada para com o neg\u00f3cio, contamos com esta op\u00e7\u00e3o econ\u00f4mica para o planejamento inicial de seu neg\u00f3cio.<\/h4>\n<p>A atividade de cria\u00e7\u00e3o do Business Plan Digital consiste em formatar em um <a href=\"http:\/\/businesspt.pt\/cortesia\/BP.png\" target=\"_blank\" rel=\"noopener noreferrer\">modelo padr\u00e3o<\/a>, as informa\u00e7\u00f5es que s\u00e3o necess\u00e1rias de uma forma geral, em um modelo de neg\u00f3cios.<\/p>\n<div class=\"row\">\n<div class=\"col-xs-12 col-sm-5\"><img decoding=\"async\" class=\"img-responsive\" src=\"http:\/\/businesspt.pt\/wpbpt\/wp-content\/uploads\/2017\/05\/bpdigital.jpg\" alt=\"Business Plan Digital Modelo\" \/><\/div>\n<div class=\"col-xs-12 col-sm-7\">\n<p>Mesmo sendo um modelo de base, que pode ser desenvolvido em um prazo bastante curto, j\u00e1 ser\u00e1 um guia para o seu neg\u00f3cio com uma vis\u00e3o geral do mesmo, especifica\u00e7\u00e3o financeira geral e de viabilidades assim como pontos fortes e pontos fracos.<\/p>\n<p>O projeto consiste em:<\/p>\n<ol>\n<li>Entrevista inicial do projeto;<\/li>\n<li>Resposta as quest\u00f5es iniciais do projeto por parte do cliente;<\/li>\n<li>Formata\u00e7\u00e3o do Plano de Neg\u00f3cios;<\/li>\n<li>Entrega e an\u00e1lise do projeto;<\/li>\n<li>1 Corre\u00e7\u00e3o e adapta\u00e7\u00e3o do plano confeccionado.<\/li>\n<\/ol>\n<p>Buscamos com este Business Plan Digital simplificar a estrutura\u00e7\u00e3o de seu neg\u00f3cio e futuramente ser poss\u00edvel desenvolver tamb\u00e9m mais detalhadamente este processo.<\/p>\n<\/div>\n<\/div>\n<style type=\"text\/css\">.btCall {background: #1FA67A; display: inline-block; border-radius: 6px; padding: 1em 1.5em; text-decoration: none; color: #fff; font-size: 0.8em}.btCall:hover{ color: #fff !important; background-color:#17825f }.roxCallToAction{ padding: 2em 0; margin: 1.5em auto; border-bottom: 1px solid #e5e5e5; border-top: 1px solid #e5e5e5 }<\/style>\n<div class=\"row roxCallToAction\">\n<div class=\"col-md-8 col-sm-12\" style=\"text-align: center;\">\n<h3>Agende sua consulta!<\/h3>\n<p>Conver-se conosco para saber como empreender em Portugal.<\/p>\n<p><a class=\"btCall\" href=\"http:\/\/businesspt.pt\/wpbpt\/agendar-consulta-inicial\/?page=bpdigital\">Agendar consulta de levantamento de perfil<\/a><\/p>\n<\/div>\n<div class=\"col-md-4 col-sm-12\" style=\"text-align: center;\">\n<h4>Siga-nos:<\/h4>\n<p><a href=\"https:\/\/www.facebook.com\/businessportugal\" target=\"_blank\" rel=\"noopener noreferrer\"><br \/>\n<img decoding=\"async\" src=\"http:\/\/businesspt.pt\/wpbpt\/wp-content\/uploads\/2018\/01\/facebookling.png\" \/><br \/>\n<\/a><\/p>\n<\/div>\n<\/div>\n<p>&nbsp;<\/p>\n<p><small>*O Agendamento \u00e9 confirmado mediante o pr\u00e9-pagamento e confer\u00eancia da disponibilidade do mesmo. As confirma\u00e7\u00f5es s\u00e3o feitas em at\u00e9 48horas.<\/small><\/p>\n<\/div>\n","protected":false},"excerpt":{"rendered":"<p>O Business Plan Digital responde a necessidade dos clientes que j\u00e1 possuem um neg\u00f3cio e buscam expandir ou replicar este em Portugal. Seja mediante a aplica\u00e7\u00e3o de um visto para empreender ou de uma orienta\u00e7\u00e3o estruturada para com o neg\u00f3cio, contamos com esta op\u00e7\u00e3o econ\u00f4mica para o planejamento inicial de seu neg\u00f3cio. A atividade de [&hellip;]<\/p>\n","protected":false},"author":1,"featured_media":0,"parent":25,"menu_order":1,"comment_status":"closed","ping_status":"closed","template":"page-fullwidth.php","meta":{"_exactmetrics_skip_tracking":false,"_exactmetrics_sitenote_active":false,"_exactmetrics_sitenote_note":"","_exactmetrics_sitenote_category":0,"footnotes":""},"class_list":["post-366","page","type-page","status-publish","hentry"],"yoast_head":"<!-- This site is optimized with the Yoast SEO plugin v27.4 - https:\/\/yoast.com\/product\/yoast-seo-wordpress\/ -->\n<title>Business Plan Digital - Business Portugal Consultoria de Neg\u00f3cios<\/title>\n<meta name=\"description\" content=\"O Business Plan Digital responde a necessidade dos clientes que j\u00e1 possuem um neg\u00f3cio e buscam expandir ou replicar este em Portugal.\" \/>\n<meta name=\"robots\" content=\"index, follow, max-snippet:-1, max-image-preview:large, max-video-preview:-1\" \/>\n<link rel=\"canonical\" href=\"https:\/\/businesspt.pt\/wpbpt\/o-que-fazemos\/business-plan-digital-business-portugal\/\" \/>\n<meta property=\"og:locale\" content=\"pt_PT\" \/>\n<meta property=\"og:type\" content=\"article\" \/>\n<meta property=\"og:title\" content=\"Business Plan Digital - Business Portugal Consultoria de Neg\u00f3cios\" \/>\n<meta property=\"og:description\" content=\"O Business Plan Digital responde a necessidade dos clientes que j\u00e1 possuem um neg\u00f3cio e buscam expandir ou replicar este em Portugal.\" \/>\n<meta property=\"og:url\" content=\"https:\/\/businesspt.pt\/wpbpt\/o-que-fazemos\/business-plan-digital-business-portugal\/\" \/>\n<meta property=\"og:site_name\" content=\"Business Portugal\" \/>\n<meta property=\"article:publisher\" content=\"http:\/\/www.facebook.com\/businessportugal\/\" \/>\n<meta property=\"article:modified_time\" content=\"2021-04-25T23:15:47+00:00\" \/>\n<meta property=\"og:image\" content=\"http:\/\/businesspt.pt\/wpbpt\/wp-content\/uploads\/2017\/05\/bpdigital.jpg\" \/>\n<meta name=\"twitter:card\" content=\"summary_large_image\" \/>\n<meta name=\"twitter:label1\" content=\"Tempo estimado de leitura\" \/>\n\t<meta name=\"twitter:data1\" content=\"1 minute\" \/>\n<script type=\"application\/ld+json\" class=\"yoast-schema-graph\">{\"@context\":\"https:\\\/\\\/schema.org\",\"@graph\":[{\"@type\":\"WebPage\",\"@id\":\"https:\\\/\\\/businesspt.pt\\\/wpbpt\\\/o-que-fazemos\\\/business-plan-digital-business-portugal\\\/\",\"url\":\"https:\\\/\\\/businesspt.pt\\\/wpbpt\\\/o-que-fazemos\\\/business-plan-digital-business-portugal\\\/\",\"name\":\"Business Plan Digital - Business Portugal Consultoria de Neg\u00f3cios\",\"isPartOf\":{\"@id\":\"https:\\\/\\\/businesspt.pt\\\/wpbpt\\\/#website\"},\"primaryImageOfPage\":{\"@id\":\"https:\\\/\\\/businesspt.pt\\\/wpbpt\\\/o-que-fazemos\\\/business-plan-digital-business-portugal\\\/#primaryimage\"},\"image\":{\"@id\":\"https:\\\/\\\/businesspt.pt\\\/wpbpt\\\/o-que-fazemos\\\/business-plan-digital-business-portugal\\\/#primaryimage\"},\"thumbnailUrl\":\"http:\\\/\\\/businesspt.pt\\\/wpbpt\\\/wp-content\\\/uploads\\\/2017\\\/05\\\/bpdigital.jpg\",\"datePublished\":\"2017-05-21T13:14:46+00:00\",\"dateModified\":\"2021-04-25T23:15:47+00:00\",\"description\":\"O Business Plan Digital responde a necessidade dos clientes que j\u00e1 possuem um neg\u00f3cio e buscam expandir ou replicar este em Portugal.\",\"breadcrumb\":{\"@id\":\"https:\\\/\\\/businesspt.pt\\\/wpbpt\\\/o-que-fazemos\\\/business-plan-digital-business-portugal\\\/#breadcrumb\"},\"inLanguage\":\"pt-PT\",\"potentialAction\":[{\"@type\":\"ReadAction\",\"target\":[\"https:\\\/\\\/businesspt.pt\\\/wpbpt\\\/o-que-fazemos\\\/business-plan-digital-business-portugal\\\/\"]}]},{\"@type\":\"ImageObject\",\"inLanguage\":\"pt-PT\",\"@id\":\"https:\\\/\\\/businesspt.pt\\\/wpbpt\\\/o-que-fazemos\\\/business-plan-digital-business-portugal\\\/#primaryimage\",\"url\":\"https:\\\/\\\/businesspt.pt\\\/wpbpt\\\/wp-content\\\/uploads\\\/2017\\\/05\\\/bpdigital.jpg\",\"contentUrl\":\"https:\\\/\\\/businesspt.pt\\\/wpbpt\\\/wp-content\\\/uploads\\\/2017\\\/05\\\/bpdigital.jpg\",\"width\":630,\"height\":420,\"caption\":\"Business Plan Digital\"},{\"@type\":\"BreadcrumbList\",\"@id\":\"https:\\\/\\\/businesspt.pt\\\/wpbpt\\\/o-que-fazemos\\\/business-plan-digital-business-portugal\\\/#breadcrumb\",\"itemListElement\":[{\"@type\":\"ListItem\",\"position\":1,\"name\":\"Home\",\"item\":\"https:\\\/\\\/businesspt.pt\\\/wpbpt\\\/\"},{\"@type\":\"ListItem\",\"position\":2,\"name\":\"O Que Fazemos\",\"item\":\"https:\\\/\\\/businesspt.pt\\\/wpbpt\\\/o-que-fazemos\\\/\"},{\"@type\":\"ListItem\",\"position\":3,\"name\":\"Business Plan Digital\"}]},{\"@type\":\"WebSite\",\"@id\":\"https:\\\/\\\/businesspt.pt\\\/wpbpt\\\/#website\",\"url\":\"https:\\\/\\\/businesspt.pt\\\/wpbpt\\\/\",\"name\":\"Business Portugal\",\"description\":\"Business Portugal\",\"publisher\":{\"@id\":\"https:\\\/\\\/businesspt.pt\\\/wpbpt\\\/#organization\"},\"potentialAction\":[{\"@type\":\"SearchAction\",\"target\":{\"@type\":\"EntryPoint\",\"urlTemplate\":\"https:\\\/\\\/businesspt.pt\\\/wpbpt\\\/?s={search_term_string}\"},\"query-input\":{\"@type\":\"PropertyValueSpecification\",\"valueRequired\":true,\"valueName\":\"search_term_string\"}}],\"inLanguage\":\"pt-PT\"},{\"@type\":\"Organization\",\"@id\":\"https:\\\/\\\/businesspt.pt\\\/wpbpt\\\/#organization\",\"name\":\"ANDR\u00c9 LUIZ DE ALMEIDA - TECHNOLOGY CONSULTING, UNIPESSOAL, LDA\",\"url\":\"https:\\\/\\\/businesspt.pt\\\/wpbpt\\\/\",\"logo\":{\"@type\":\"ImageObject\",\"inLanguage\":\"pt-PT\",\"@id\":\"https:\\\/\\\/businesspt.pt\\\/wpbpt\\\/#\\\/schema\\\/logo\\\/image\\\/\",\"url\":\"https:\\\/\\\/businesspt.pt\\\/wpbpt\\\/wp-content\\\/uploads\\\/2015\\\/10\\\/bpt-icon.png\",\"contentUrl\":\"https:\\\/\\\/businesspt.pt\\\/wpbpt\\\/wp-content\\\/uploads\\\/2015\\\/10\\\/bpt-icon.png\",\"width\":512,\"height\":512,\"caption\":\"ANDR\u00c9 LUIZ DE ALMEIDA - TECHNOLOGY CONSULTING, UNIPESSOAL, LDA\"},\"image\":{\"@id\":\"https:\\\/\\\/businesspt.pt\\\/wpbpt\\\/#\\\/schema\\\/logo\\\/image\\\/\"},\"sameAs\":[\"http:\\\/\\\/www.facebook.com\\\/businessportugal\\\/\",\"http:\\\/\\\/bit.ly\\\/andrepmgr\"]}]}<\/script>\n<!-- \/ Yoast SEO plugin. -->","yoast_head_json":{"title":"Business Plan Digital - Business Portugal Consultoria de Neg\u00f3cios","description":"O Business Plan Digital responde a necessidade dos clientes que j\u00e1 possuem um neg\u00f3cio e buscam expandir ou replicar este em Portugal.","robots":{"index":"index","follow":"follow","max-snippet":"max-snippet:-1","max-image-preview":"max-image-preview:large","max-video-preview":"max-video-preview:-1"},"canonical":"https:\/\/businesspt.pt\/wpbpt\/o-que-fazemos\/business-plan-digital-business-portugal\/","og_locale":"pt_PT","og_type":"article","og_title":"Business Plan Digital - Business Portugal Consultoria de Neg\u00f3cios","og_description":"O Business Plan Digital responde a necessidade dos clientes que j\u00e1 possuem um neg\u00f3cio e buscam expandir ou replicar este em Portugal.","og_url":"https:\/\/businesspt.pt\/wpbpt\/o-que-fazemos\/business-plan-digital-business-portugal\/","og_site_name":"Business Portugal","article_publisher":"http:\/\/www.facebook.com\/businessportugal\/","article_modified_time":"2021-04-25T23:15:47+00:00","og_image":[{"url":"http:\/\/businesspt.pt\/wpbpt\/wp-content\/uploads\/2017\/05\/bpdigital.jpg","type":"","width":"","height":""}],"twitter_card":"summary_large_image","twitter_misc":{"Tempo estimado de leitura":"1 minute"},"schema":{"@context":"https:\/\/schema.org","@graph":[{"@type":"WebPage","@id":"https:\/\/businesspt.pt\/wpbpt\/o-que-fazemos\/business-plan-digital-business-portugal\/","url":"https:\/\/businesspt.pt\/wpbpt\/o-que-fazemos\/business-plan-digital-business-portugal\/","name":"Business Plan Digital - Business Portugal Consultoria de Neg\u00f3cios","isPartOf":{"@id":"https:\/\/businesspt.pt\/wpbpt\/#website"},"primaryImageOfPage":{"@id":"https:\/\/businesspt.pt\/wpbpt\/o-que-fazemos\/business-plan-digital-business-portugal\/#primaryimage"},"image":{"@id":"https:\/\/businesspt.pt\/wpbpt\/o-que-fazemos\/business-plan-digital-business-portugal\/#primaryimage"},"thumbnailUrl":"http:\/\/businesspt.pt\/wpbpt\/wp-content\/uploads\/2017\/05\/bpdigital.jpg","datePublished":"2017-05-21T13:14:46+00:00","dateModified":"2021-04-25T23:15:47+00:00","description":"O Business Plan Digital responde a necessidade dos clientes que j\u00e1 possuem um neg\u00f3cio e buscam expandir ou replicar este em Portugal.","breadcrumb":{"@id":"https:\/\/businesspt.pt\/wpbpt\/o-que-fazemos\/business-plan-digital-business-portugal\/#breadcrumb"},"inLanguage":"pt-PT","potentialAction":[{"@type":"ReadAction","target":["https:\/\/businesspt.pt\/wpbpt\/o-que-fazemos\/business-plan-digital-business-portugal\/"]}]},{"@type":"ImageObject","inLanguage":"pt-PT","@id":"https:\/\/businesspt.pt\/wpbpt\/o-que-fazemos\/business-plan-digital-business-portugal\/#primaryimage","url":"https:\/\/businesspt.pt\/wpbpt\/wp-content\/uploads\/2017\/05\/bpdigital.jpg","contentUrl":"https:\/\/businesspt.pt\/wpbpt\/wp-content\/uploads\/2017\/05\/bpdigital.jpg","width":630,"height":420,"caption":"Business Plan Digital"},{"@type":"BreadcrumbList","@id":"https:\/\/businesspt.pt\/wpbpt\/o-que-fazemos\/business-plan-digital-business-portugal\/#breadcrumb","itemListElement":[{"@type":"ListItem","position":1,"name":"Home","item":"https:\/\/businesspt.pt\/wpbpt\/"},{"@type":"ListItem","position":2,"name":"O Que Fazemos","item":"https:\/\/businesspt.pt\/wpbpt\/o-que-fazemos\/"},{"@type":"ListItem","position":3,"name":"Business Plan Digital"}]},{"@type":"WebSite","@id":"https:\/\/businesspt.pt\/wpbpt\/#website","url":"https:\/\/businesspt.pt\/wpbpt\/","name":"Business Portugal","description":"Business Portugal","publisher":{"@id":"https:\/\/businesspt.pt\/wpbpt\/#organization"},"potentialAction":[{"@type":"SearchAction","target":{"@type":"EntryPoint","urlTemplate":"https:\/\/businesspt.pt\/wpbpt\/?s={search_term_string}"},"query-input":{"@type":"PropertyValueSpecification","valueRequired":true,"valueName":"search_term_string"}}],"inLanguage":"pt-PT"},{"@type":"Organization","@id":"https:\/\/businesspt.pt\/wpbpt\/#organization","name":"ANDR\u00c9 LUIZ DE ALMEIDA - TECHNOLOGY CONSULTING, UNIPESSOAL, LDA","url":"https:\/\/businesspt.pt\/wpbpt\/","logo":{"@type":"ImageObject","inLanguage":"pt-PT","@id":"https:\/\/businesspt.pt\/wpbpt\/#\/schema\/logo\/image\/","url":"https:\/\/businesspt.pt\/wpbpt\/wp-content\/uploads\/2015\/10\/bpt-icon.png","contentUrl":"https:\/\/businesspt.pt\/wpbpt\/wp-content\/uploads\/2015\/10\/bpt-icon.png","width":512,"height":512,"caption":"ANDR\u00c9 LUIZ DE ALMEIDA - TECHNOLOGY CONSULTING, UNIPESSOAL, LDA"},"image":{"@id":"https:\/\/businesspt.pt\/wpbpt\/#\/schema\/logo\/image\/"},"sameAs":["http:\/\/www.facebook.com\/businessportugal\/","http:\/\/bit.ly\/andrepmgr"]}]}},"_links":{"self":[{"href":"https:\/\/businesspt.pt\/wpbpt\/wp-json\/wp\/v2\/pages\/366","targetHints":{"allow":["GET"]}}],"collection":[{"href":"https:\/\/businesspt.pt\/wpbpt\/wp-json\/wp\/v2\/pages"}],"about":[{"href":"https:\/\/businesspt.pt\/wpbpt\/wp-json\/wp\/v2\/types\/page"}],"author":[{"embeddable":true,"href":"https:\/\/businesspt.pt\/wpbpt\/wp-json\/wp\/v2\/users\/1"}],"replies":[{"embeddable":true,"href":"https:\/\/businesspt.pt\/wpbpt\/wp-json\/wp\/v2\/comments?post=366"}],"version-history":[{"count":29,"href":"https:\/\/businesspt.pt\/wpbpt\/wp-json\/wp\/v2\/pages\/366\/revisions"}],"predecessor-version":[{"id":1297,"href":"https:\/\/businesspt.pt\/wpbpt\/wp-json\/wp\/v2\/pages\/366\/revisions\/1297"}],"up":[{"embeddable":true,"href":"https:\/\/businesspt.pt\/wpbpt\/wp-json\/wp\/v2\/pages\/25"}],"wp:attachment":[{"href":"https:\/\/businesspt.pt\/wpbpt\/wp-json\/wp\/v2\/media?parent=366"}],"curies":[{"name":"wp","href":"https:\/\/api.w.org\/{rel}","templated":true}]}}